{"id":171,"date":"2014-10-24T11:30:58","date_gmt":"2014-10-24T11:30:58","guid":{"rendered":"http:\/\/demo.proteusthemes.com\/buildpress\/?page_id=171"},"modified":"2021-10-12T15:59:53","modified_gmt":"2021-10-12T15:59:53","slug":"about-us","status":"publish","type":"page","link":"https:\/\/www.norcaltc.org\/es\/about-us\/","title":{"rendered":"About Us"},"content":{"rendered":"<p><div class=\"fusion-fullwidth fullwidth-box fusion-builder-row-3 nonhundred-percent-fullwidth non-hundred-percent-height-scrolling\" style=\"--awb-border-radius-top-left:0px;--awb-border-radius-top-right:0px;--awb-border-radius-bottom-right:0px;--awb-border-radius-bottom-left:0px;--awb-flex-wrap:wrap;\" ><div class=\"fusion-builder-row fusion-row\"><div class=\"fusion-layout-column fusion_builder_column fusion-builder-column-18 fusion_builder_column_1_1 1_1 fusion-one-full fusion-column-first fusion-column-last\" style=\"--awb-bg-size:cover;--awb-margin-bottom:0px;\"><div class=\"fusion-column-wrapper fusion-flex-column-wrapper-legacy\"><div class=\"fusion-text fusion-text-15\"><h1 class=\"widget-title\">Capacitaci\u00f3n y Aprendizaje<\/h1>\n<h3>Bienvenidos al \u201cTerence J. O\u2019Sullivan\u201d Centro de Capacitaci\u00f3n de los Obreros del Norte de California<\/h3>\n<p><strong>Esta secci\u00f3n contiene informaci\u00f3n importante concerniente a los programas y oportunidades de capacitaci\u00f3n, recapacitaci\u00f3n y aprendizaje que ofrece el Fondo Fideicomiso de Capacitaci\u00f3n y Recapacitaci\u00f3n de los Obreros del Norte de California en nuestro centro de capacitaci\u00f3n en San Ramon, California.<\/strong><br \/>\nThe Training &amp; Retraining Trust Fund is administered and maintained by a Joint Board of Trustees who can be contacted at the following address:<\/p>\n<p>Junta directiva<br \/>\nObreros formaci\u00f3n y el reciclaje Fondos Fiduciarios para el norte de California<br \/>\n1001 Westside Drive<br \/>\nSan Ramon, California 94583-4098<br \/>\n(925) 828-2513<\/p>\n<\/div><div class=\"fusion-clearfix\"><\/div><\/div><\/div><\/div><\/div><div class=\"fusion-fullwidth fullwidth-box fusion-builder-row-4 nonhundred-percent-fullwidth non-hundred-percent-height-scrolling\" style=\"--awb-border-radius-top-left:0px;--awb-border-radius-top-right:0px;--awb-border-radius-bottom-right:0px;--awb-border-radius-bottom-left:0px;--awb-flex-wrap:wrap;\" ><div class=\"fusion-builder-row fusion-row\"><div class=\"fusion-layout-column fusion_builder_column fusion-builder-column-19 fusion_builder_column_1_1 1_1 fusion-one-full fusion-column-first fusion-column-last\" style=\"--awb-bg-size:cover;--awb-margin-bottom:0px;\"><div class=\"fusion-column-wrapper fusion-flex-column-wrapper-legacy\"><div class=\"fusion-title title fusion-title-2 fusion-title-text fusion-title-size-one\" style=\"--awb-margin-top-small:10px;--awb-margin-right-small:0px;--awb-margin-bottom-small:10px;--awb-margin-left-small:0px;\"><h1 class=\"fusion-title-heading title-heading-left\" style=\"margin:0;\"><h2 style=\"text-align: center;\">Board of Trustees<\/h2><\/h1><span class=\"awb-title-spacer\"><\/span><div class=\"title-sep-container\"><div class=\"title-sep sep-double sep-solid\" style=\"border-color:#e0dede;\"><\/div><\/div><\/div><div class=\"fusion-clearfix\"><\/div><\/div><\/div><\/div><\/div><div class=\"fusion-fullwidth fullwidth-box fusion-builder-row-5 nonhundred-percent-fullwidth non-hundred-percent-height-scrolling\" style=\"--awb-border-radius-top-left:0px;--awb-border-radius-top-right:0px;--awb-border-radius-bottom-right:0px;--awb-border-radius-bottom-left:0px;--awb-padding-top:0px;--awb-padding-right:0px;--awb-padding-bottom:0px;--awb-padding-left:0px;--awb-margin-top:0px;--awb-margin-bottom:0px;--awb-flex-wrap:wrap;\" ><div class=\"fusion-builder-row fusion-row\"><div class=\"fusion-layout-column fusion_builder_column fusion-builder-column-20 fusion_builder_column_1_2 1_2 fusion-one-half fusion-column-first\" style=\"--awb-bg-size:cover;width:50%;width:calc(50% - ( ( 4% ) * 0.5 ) );margin-right: 4%;\"><div class=\"fusion-column-wrapper fusion-flex-column-wrapper-legacy\"><div class=\"fusion-text fusion-text-16\"><h2 style=\"text-align: center;\">Employee Trustees<\/h2>\n<\/div><div class=\"fusion-text fusion-text-17\"><p><img decoding=\"async\" class=\"aligncenter size-full wp-image-2774\" src=\"https:\/\/www.norcaltc.org\/wp-content\/uploads\/2017\/03\/Oscar20De20La20Torre.jpg\" alt=\"\" width=\"334\" height=\"450\" srcset=\"https:\/\/www.norcaltc.org\/wp-content\/uploads\/2017\/03\/Oscar20De20La20Torre-200x269.jpg 200w, https:\/\/www.norcaltc.org\/wp-content\/uploads\/2017\/03\/Oscar20De20La20Torre-223x300.jpg 223w, https:\/\/www.norcaltc.org\/wp-content\/uploads\/2017\/03\/Oscar20De20La20Torre.jpg 334w\" sizes=\"(max-width: 334px) 100vw, 334px\" \/><\/p>\n<h3 style=\"text-align: center;\">Oscar De La Torre<br \/>\nChairman, Northern California District Council of Laborers<\/h3>\n<\/div><div class=\"fusion-clearfix\"><\/div><\/div><\/div><div class=\"fusion-layout-column fusion_builder_column fusion-builder-column-21 fusion_builder_column_1_2 1_2 fusion-one-half fusion-column-last\" style=\"--awb-bg-size:cover;width:50%;width:calc(50% - ( ( 4% ) * 0.5 ) );\"><div class=\"fusion-column-wrapper fusion-flex-column-wrapper-legacy\"><div class=\"fusion-text fusion-text-18\"><h2 style=\"text-align: center;\">Employer Trustees<\/h2>\n<\/div><div class=\"fusion-text fusion-text-19\"><p><img decoding=\"async\" class=\"aligncenter wp-image-3034 size-full\" src=\"https:\/\/www.norcaltc.org\/wp-content\/uploads\/2018\/09\/Headshots-Placeholder.jpg\" alt=\"\" width=\"334\" height=\"450\" srcset=\"https:\/\/www.norcaltc.org\/wp-content\/uploads\/2018\/09\/Headshots-Placeholder-200x269.jpg 200w, https:\/\/www.norcaltc.org\/wp-content\/uploads\/2018\/09\/Headshots-Placeholder-223x300.jpg 223w, https:\/\/www.norcaltc.org\/wp-content\/uploads\/2018\/09\/Headshots-Placeholder.jpg 334w\" sizes=\"(max-width: 334px) 100vw, 334px\" \/><\/p>\n<h3 style=\"text-align: center;\">Bill Koponen<br \/>\nCo-Chairman, Syblon Reid<\/h3>\n<\/div><div class=\"fusion-clearfix\"><\/div><\/div><\/div><div class=\"fusion-layout-column fusion_builder_column fusion-builder-column-22 fusion_builder_column_1_4 1_4 fusion-one-fourth fusion-column-first\" style=\"--awb-bg-size:cover;width:25%;width:calc(25% - ( ( 4% + 4% + 4% ) * 0.25 ) );margin-right: 4%;\"><div class=\"fusion-column-wrapper fusion-flex-column-wrapper-legacy\"><div class=\"fusion-text fusion-text-20\"><p><img decoding=\"async\" class=\"aligncenter wp-image-3034 size-full\" src=\"https:\/\/www.norcaltc.org\/wp-content\/uploads\/2018\/09\/Headshots-Placeholder.jpg\" alt=\"\" width=\"334\" height=\"450\" srcset=\"https:\/\/www.norcaltc.org\/wp-content\/uploads\/2018\/09\/Headshots-Placeholder-200x269.jpg 200w, https:\/\/www.norcaltc.org\/wp-content\/uploads\/2018\/09\/Headshots-Placeholder-223x300.jpg 223w, https:\/\/www.norcaltc.org\/wp-content\/uploads\/2018\/09\/Headshots-Placeholder.jpg 334w\" sizes=\"(max-width: 334px) 100vw, 334px\" \/><\/p>\n<h3 style=\"text-align: center;\">Carlos Bedolla<br \/>\nBusiness Manager Local 73<\/h3>\n<\/div><div class=\"fusion-clearfix\"><\/div><\/div><\/div><div class=\"fusion-layout-column fusion_builder_column fusion-builder-column-23 fusion_builder_column_1_4 1_4 fusion-one-fourth\" style=\"--awb-bg-size:cover;width:25%;width:calc(25% - ( ( 4% + 4% + 4% ) * 0.25 ) );margin-right: 4%;\"><div class=\"fusion-column-wrapper fusion-flex-column-wrapper-legacy\"><div class=\"fusion-text fusion-text-21\"><p><img decoding=\"async\" class=\"aligncenter wp-image-3034 size-full\" src=\"https:\/\/www.norcaltc.org\/wp-content\/uploads\/2018\/09\/Headshots-Placeholder.jpg\" alt=\"\" width=\"334\" height=\"450\" srcset=\"https:\/\/www.norcaltc.org\/wp-content\/uploads\/2018\/09\/Headshots-Placeholder-200x269.jpg 200w, https:\/\/www.norcaltc.org\/wp-content\/uploads\/2018\/09\/Headshots-Placeholder-223x300.jpg 223w, https:\/\/www.norcaltc.org\/wp-content\/uploads\/2018\/09\/Headshots-Placeholder.jpg 334w\" sizes=\"(max-width: 334px) 100vw, 334px\" \/><\/p>\n<h3 style=\"text-align: center;\">Victor Parra<br \/>\nBusiness Manager Local 67<\/h3>\n<\/div><div class=\"fusion-clearfix\"><\/div><\/div><\/div><div class=\"fusion-layout-column fusion_builder_column fusion-builder-column-24 fusion_builder_column_1_4 1_4 fusion-one-fourth\" style=\"--awb-padding-top:0px;--awb-padding-right:0px;--awb-padding-bottom:0px;--awb-padding-left:0px;--awb-bg-size:cover;--awb-margin-bottom:0px;width:25%;width:calc(25% - ( ( 4% + 4% + 4% ) * 0.25 ) );margin-right: 4%;\"><div class=\"fusion-column-wrapper fusion-flex-column-wrapper-legacy\"><div class=\"fusion-text fusion-text-22\"><p><img decoding=\"async\" class=\"aligncenter wp-image-2769 size-full\" src=\"https:\/\/www.norcaltc.org\/wp-content\/uploads\/2017\/03\/Ben20Kerr.jpg\" alt=\"\" width=\"334\" height=\"450\" srcset=\"https:\/\/www.norcaltc.org\/wp-content\/uploads\/2017\/03\/Ben20Kerr-200x269.jpg 200w, https:\/\/www.norcaltc.org\/wp-content\/uploads\/2017\/03\/Ben20Kerr-223x300.jpg 223w, https:\/\/www.norcaltc.org\/wp-content\/uploads\/2017\/03\/Ben20Kerr.jpg 334w\" sizes=\"(max-width: 334px) 100vw, 334px\" \/><\/p>\n<h3 style=\"text-align: center;\">Ben Kerr<br \/>\nPeck and Hiller Company<\/h3>\n<\/div><div class=\"fusion-clearfix\"><\/div><\/div><\/div><div class=\"fusion-layout-column fusion_builder_column fusion-builder-column-25 fusion_builder_column_1_4 1_4 fusion-one-fourth fusion-column-last\" style=\"--awb-bg-size:cover;width:25%;width:calc(25% - ( ( 4% + 4% + 4% ) * 0.25 ) );\"><div class=\"fusion-column-wrapper fusion-flex-column-wrapper-legacy\"><div class=\"fusion-text fusion-text-23\"><p><img decoding=\"async\" class=\"aligncenter wp-image-3034 size-full\" src=\"https:\/\/www.norcaltc.org\/wp-content\/uploads\/2018\/09\/Headshots-Placeholder.jpg\" alt=\"\" width=\"334\" height=\"450\" srcset=\"https:\/\/www.norcaltc.org\/wp-content\/uploads\/2018\/09\/Headshots-Placeholder-200x269.jpg 200w, https:\/\/www.norcaltc.org\/wp-content\/uploads\/2018\/09\/Headshots-Placeholder-223x300.jpg 223w, https:\/\/www.norcaltc.org\/wp-content\/uploads\/2018\/09\/Headshots-Placeholder.jpg 334w\" sizes=\"(max-width: 334px) 100vw, 334px\" \/><\/p>\n<h3 style=\"text-align: center;\">Kevin Hester<br \/>\nMcGuire &amp; Hester<\/h3>\n<\/div><div class=\"fusion-clearfix\"><\/div><\/div><\/div><div class=\"fusion-layout-column fusion_builder_column fusion-builder-column-26 fusion_builder_column_1_4 1_4 fusion-one-fourth fusion-column-first\" style=\"--awb-bg-size:cover;width:25%;width:calc(25% - ( ( 4% + 4% + 4% ) * 0.25 ) );margin-right: 4%;\"><div class=\"fusion-column-wrapper fusion-flex-column-wrapper-legacy\"><div class=\"fusion-text fusion-text-24\"><p><img decoding=\"async\" class=\"aligncenter wp-image-3034 size-full\" src=\"https:\/\/www.norcaltc.org\/wp-content\/uploads\/2018\/09\/Headshots-Placeholder.jpg\" alt=\"\" width=\"334\" height=\"450\" srcset=\"https:\/\/www.norcaltc.org\/wp-content\/uploads\/2018\/09\/Headshots-Placeholder-200x269.jpg 200w, https:\/\/www.norcaltc.org\/wp-content\/uploads\/2018\/09\/Headshots-Placeholder-223x300.jpg 223w, https:\/\/www.norcaltc.org\/wp-content\/uploads\/2018\/09\/Headshots-Placeholder.jpg 334w\" sizes=\"(max-width: 334px) 100vw, 334px\" \/><\/p>\n<h3 style=\"text-align: center;\">Keith Lemoine<br \/>\nBusiness Manager Local 324<\/h3>\n<\/div><div class=\"fusion-clearfix\"><\/div><\/div><\/div><div class=\"fusion-layout-column fusion_builder_column fusion-builder-column-27 fusion_builder_column_1_4 1_4 fusion-one-fourth\" style=\"--awb-bg-size:cover;width:25%;width:calc(25% - ( ( 4% + 4% + 4% ) * 0.25 ) );margin-right: 4%;\"><div class=\"fusion-column-wrapper fusion-flex-column-wrapper-legacy\"><div class=\"fusion-text fusion-text-25\"><p><img decoding=\"async\" class=\"aligncenter wp-image-3034 size-full\" src=\"https:\/\/www.norcaltc.org\/wp-content\/uploads\/2018\/09\/Headshots-Placeholder.jpg\" alt=\"\" width=\"334\" height=\"450\" srcset=\"https:\/\/www.norcaltc.org\/wp-content\/uploads\/2018\/09\/Headshots-Placeholder-200x269.jpg 200w, https:\/\/www.norcaltc.org\/wp-content\/uploads\/2018\/09\/Headshots-Placeholder-223x300.jpg 223w, https:\/\/www.norcaltc.org\/wp-content\/uploads\/2018\/09\/Headshots-Placeholder.jpg 334w\" sizes=\"(max-width: 334px) 100vw, 334px\" \/><\/p>\n<h3 style=\"text-align: center;\">James Hammond<br \/>\nBusiness Manager<br \/>\nLaborers Local 294<\/h3>\n<\/div><div class=\"fusion-clearfix\"><\/div><\/div><\/div><div class=\"fusion-layout-column fusion_builder_column fusion-builder-column-28 fusion_builder_column_1_4 1_4 fusion-one-fourth\" style=\"--awb-bg-size:cover;width:25%;width:calc(25% - ( ( 4% + 4% + 4% ) * 0.25 ) );margin-right: 4%;\"><div class=\"fusion-column-wrapper fusion-flex-column-wrapper-legacy\"><div class=\"fusion-text fusion-text-26\"><p><img decoding=\"async\" class=\"aligncenter wp-image-3034 size-full\" src=\"https:\/\/www.norcaltc.org\/wp-content\/uploads\/2018\/09\/Headshots-Placeholder.jpg\" alt=\"\" width=\"334\" height=\"450\" srcset=\"https:\/\/www.norcaltc.org\/wp-content\/uploads\/2018\/09\/Headshots-Placeholder-200x269.jpg 200w, https:\/\/www.norcaltc.org\/wp-content\/uploads\/2018\/09\/Headshots-Placeholder-223x300.jpg 223w, https:\/\/www.norcaltc.org\/wp-content\/uploads\/2018\/09\/Headshots-Placeholder.jpg 334w\" sizes=\"(max-width: 334px) 100vw, 334px\" \/><\/p>\n<h3 style=\"text-align: center;\">Darren Leary<span class=\"apple-converted-space\">&nbsp;<\/span><br \/>\nHensel Phelps Construction Co.<\/h3>\n<\/div><div class=\"fusion-clearfix\"><\/div><\/div><\/div><div class=\"fusion-layout-column fusion_builder_column fusion-builder-column-29 fusion_builder_column_1_4 1_4 fusion-one-fourth fusion-column-last\" style=\"--awb-bg-size:cover;width:25%;width:calc(25% - ( ( 4% + 4% + 4% ) * 0.25 ) );\"><div class=\"fusion-column-wrapper fusion-flex-column-wrapper-legacy\"><div class=\"fusion-text fusion-text-27\"><p><img decoding=\"async\" class=\"aligncenter wp-image-3034 size-full\" src=\"https:\/\/www.norcaltc.org\/wp-content\/uploads\/2018\/09\/Headshots-Placeholder.jpg\" alt=\"\" width=\"334\" height=\"450\" srcset=\"https:\/\/www.norcaltc.org\/wp-content\/uploads\/2018\/09\/Headshots-Placeholder-200x269.jpg 200w, https:\/\/www.norcaltc.org\/wp-content\/uploads\/2018\/09\/Headshots-Placeholder-223x300.jpg 223w, https:\/\/www.norcaltc.org\/wp-content\/uploads\/2018\/09\/Headshots-Placeholder.jpg 334w\" sizes=\"(max-width: 334px) 100vw, 334px\" \/><\/p>\n<h3 style=\"text-align: center;\"><span class=\"apple-converted-space\">George Bradshaw <\/span><br \/>\nUnderground Construction Co.<\/h3>\n<\/div><div class=\"fusion-clearfix\"><\/div><\/div><\/div><div class=\"fusion-layout-column fusion_builder_column fusion-builder-column-30 fusion_builder_column_1_4 1_4 fusion-one-fourth fusion-column-first\" style=\"--awb-bg-size:cover;width:25%;width:calc(25% - ( ( 4% + 4% + 4% ) * 0.25 ) );margin-right: 4%;\"><div class=\"fusion-column-wrapper fusion-flex-column-wrapper-legacy\"><div class=\"fusion-clearfix\"><\/div><\/div><\/div><div class=\"fusion-layout-column fusion_builder_column fusion-builder-column-31 fusion_builder_column_1_4 1_4 fusion-one-fourth\" style=\"--awb-bg-size:cover;width:25%;width:calc(25% - ( ( 4% + 4% + 4% ) * 0.25 ) );margin-right: 4%;\"><div class=\"fusion-column-wrapper fusion-flex-column-wrapper-legacy\"><div class=\"fusion-clearfix\"><\/div><\/div><\/div><div class=\"fusion-layout-column fusion_builder_column fusion-builder-column-32 fusion_builder_column_1_4 1_4 fusion-one-fourth\" style=\"--awb-bg-size:cover;width:25%;width:calc(25% - ( ( 4% + 4% + 4% ) * 0.25 ) );margin-right: 4%;\"><div class=\"fusion-column-wrapper fusion-flex-column-wrapper-legacy\"><div class=\"fusion-clearfix\"><\/div><\/div><\/div><div class=\"fusion-layout-column fusion_builder_column fusion-builder-column-33 fusion_builder_column_1_4 1_4 fusion-one-fourth fusion-column-last\" style=\"--awb-bg-size:cover;width:25%;width:calc(25% - ( ( 4% + 4% + 4% ) * 0.25 ) );\"><div class=\"fusion-column-wrapper fusion-flex-column-wrapper-legacy\"><div class=\"fusion-clearfix\"><\/div><\/div><\/div><div class=\"fusion-layout-column fusion_builder_column fusion-builder-column-34 fusion_builder_column_1_4 1_4 fusion-one-fourth fusion-column-first\" style=\"--awb-bg-size:cover;width:25%;width:calc(25% - ( ( 4% + 4% ) * 0.25 ) );margin-right: 4%;\"><div class=\"fusion-column-wrapper fusion-flex-column-wrapper-legacy\"><div class=\"fusion-clearfix\"><\/div><\/div><\/div><div class=\"fusion-layout-column fusion_builder_column fusion-builder-column-35 fusion_builder_column_1_2 1_2 fusion-one-half\" style=\"--awb-bg-size:cover;width:50%;width:calc(50% - ( ( 4% + 4% ) * 0.5 ) );margin-right: 4%;\"><div class=\"fusion-column-wrapper fusion-flex-column-wrapper-legacy\"><div class=\"fusion-text fusion-text-28\"><p><img decoding=\"async\" class=\"aligncenter wp-image-2767 size-full\" src=\"https:\/\/www.norcaltc.org\/wp-content\/uploads\/2017\/03\/LG2-ID-186361.jpg\" alt=\"\" width=\"334\" height=\"450\" srcset=\"https:\/\/www.norcaltc.org\/wp-content\/uploads\/2017\/03\/LG2-ID-186361-200x269.jpg 200w, https:\/\/www.norcaltc.org\/wp-content\/uploads\/2017\/03\/LG2-ID-186361-223x300.jpg 223w, https:\/\/www.norcaltc.org\/wp-content\/uploads\/2017\/03\/LG2-ID-186361.jpg 334w\" sizes=\"(max-width: 334px) 100vw, 334px\" \/><\/p>\n<h3 style=\"text-align: center;\">Leonard Gonzales<br \/>\nExecutive Director of the Laborers\u2019 Training Center<\/h3>\n<\/div><div class=\"fusion-clearfix\"><\/div><\/div><\/div><div class=\"fusion-layout-column fusion_builder_column fusion-builder-column-36 fusion_builder_column_1_4 1_4 fusion-one-fourth fusion-column-last\" style=\"--awb-bg-size:cover;width:25%;width:calc(25% - ( ( 4% + 4% ) * 0.25 ) );\"><div class=\"fusion-column-wrapper fusion-flex-column-wrapper-legacy\"><div class=\"fusion-clearfix\"><\/div><\/div><\/div><\/div><\/div><\/p>","protected":false},"excerpt":{"rendered":"","protected":false},"author":1,"featured_media":0,"parent":0,"menu_order":0,"comment_status":"closed","ping_status":"closed","template":"","meta":{"footnotes":""},"class_list":["post-171","page","type-page","status-publish","hentry"],"_links":{"self":[{"href":"https:\/\/www.norcaltc.org\/es\/wp-json\/wp\/v2\/pages\/171","targetHints":{"allow":["GET"]}}],"collection":[{"href":"https:\/\/www.norcaltc.org\/es\/wp-json\/wp\/v2\/pages"}],"about":[{"href":"https:\/\/www.norcaltc.org\/es\/wp-json\/wp\/v2\/types\/page"}],"author":[{"embeddable":true,"href":"https:\/\/www.norcaltc.org\/es\/wp-json\/wp\/v2\/users\/1"}],"replies":[{"embeddable":true,"href":"https:\/\/www.norcaltc.org\/es\/wp-json\/wp\/v2\/comments?post=171"}],"version-history":[{"count":88,"href":"https:\/\/www.norcaltc.org\/es\/wp-json\/wp\/v2\/pages\/171\/revisions"}],"predecessor-version":[{"id":3366,"href":"https:\/\/www.norcaltc.org\/es\/wp-json\/wp\/v2\/pages\/171\/revisions\/3366"}],"wp:attachment":[{"href":"https:\/\/www.norcaltc.org\/es\/wp-json\/wp\/v2\/media?parent=171"}],"curies":[{"name":"wp","href":"https:\/\/api.w.org\/{rel}","templated":true}]}}