{"id":2191,"date":"2015-01-19T06:08:50","date_gmt":"2015-01-19T06:08:50","guid":{"rendered":"http:\/\/norcaltc.org\/?page_id=2191"},"modified":"2021-10-12T16:02:35","modified_gmt":"2021-10-12T16:02:35","slug":"safety-information","status":"publish","type":"page","link":"https:\/\/www.norcaltc.org\/es\/safety-information\/","title":{"rendered":"Informaci\u00f3n de Seguridad"},"content":{"rendered":"<p><\/p>\n<h2 align=\"center\">Sugerencias de Seguridad Que Pueden Mantenerlo Vivo<\/h2>\n<blockquote><p>Cada a\u00f1o, muchos los Obreros del Funci\u00f3n Construcci\u00f3n se lesionan en el lugar de trabajo debido a las condiciones inseguras que pudieron haberse corregido. Estas lesiones causan ausencia en el trabajo y salario perdido. Lo que es peor, estas lesiones a menudo causan problemas m\u00e9dicos que pueden limitar los tipos de empleo que podemos hacer. A continuaci\u00f3n se presentan diez sugerencias sobre seguridad que pueden usarse para evitar accidentes y ayudar a proteger a los trabajadores en el empleo:<\/p>\n<ol>\n<li><strong>Llegue a trabajar preparado para el tipo de condiciones del lugar de trabajo.<\/strong>&nbsp;Use unas botas de trabajo con soporte adecuado en los tobillos y use ropa adecuada para el trabajo que va a hacer. La ropa holgada puede ser atrapada por la maquinaria y el equipo causando accidentes y lesiones.<\/li>\n<li><strong>Prep\u00e1rese mentalmente para el trabajo.<\/strong>&nbsp;Mientras est\u00e9 en el sitio de trabajo, f\u00edjese por donde camina, mantenga su mente en el trabajo y tenga cuidado con las condiciones inseguras.<\/li>\n<li><strong>Mantenga limpia y ordenada su \u00e1rea de trabajo.<\/strong>&nbsp;Muchos trabajadores se lesionan cada a\u00f1o debido a resbalones, tropezones y ca\u00eddas en el \u00e1rea de trabajo.<\/li>\n<li><strong>Use la herramienta apropiada para el trabajo que est\u00e1 haciendo.<\/strong>&nbsp;No use herramientas o equipo rotos o defectuosos y herramientas que no est\u00e9n dise\u00f1adas para hacer el trabajo para el cual las est\u00e1 usando. Los instrumentos y equipo rotos deber\u00e1n repararse o sacarse del sitio de trabajo para que no lesionen a los trabajadores.<\/li>\n<li><strong>Cuando un trabajo requiera el uso de equipo de seguridad, \u00faselo y aseg\u00farese de usar el equipo de seguridad adecuado para el trabajo que est\u00e1 haciendo.<\/strong>&nbsp;Si su equipo de seguridad se da\u00f1a o se rompe, haga que lo reparen o lo reemplacen de inmediato. Use siempre el equipo de seguridad de la manera apropiada.<\/li>\n<li><strong>Inspeccione las \u00e1reas donde trabaje, asegur\u00e1ndose que no haya nada en el \u00e1rea que pudiera poner en peligro la seguridad.<\/strong>&nbsp;Si tiene que entrar a un \u00e1rea angosta, antes de entrar aseg\u00farese que puede salir sin riesgos. No se suba a andamios o escaleras hasta que todo haya sido debidamente inspeccionado.<\/li>\n<li><strong>Trabaje con cuidado alrededor de equipo el\u00e9ctrico, asegur\u00e1ndose que las herramientas o el equipo que use tengan integradas las precauciones apropiadas de seguridad.<\/strong>&nbsp;Los cordones el\u00e9ctricos deben tener conexiones trif\u00e1sicas y el equipo debe tener una conexi\u00f3n trif\u00e1sica o debe tener doble aislamiento. No trabaje en agua con herramientas el\u00e9ctricas.<\/li>\n<li><strong>Tenga cuidado con el equipo pesado.<\/strong>&nbsp;No camine debajo de cargas y mantenga su distancia con camiones, gr\u00faas y excavadoras. Es posible que el operador no lo vea, as\u00ed que si tiene que trabajar en \u00e1reas donde hay equipo en funcionamiento, diga al operador d\u00f3nde estar\u00e1 trabajando para que tengan cuidado con usted.<\/li>\n<li><strong>NO HAGA PAYASADAS<\/strong>. El trabajo no es un lugar para jugar. Los actos imprudentes pueden causar lesiones a los obreros.<\/li>\n<li><strong>Piense en la seguridad y practique la seguridad.<\/strong>&nbsp;No se ponga en peligro olvidando la seguridad s\u00f3lo por terminar m\u00e1s r\u00e1pido el trabajo.<\/li>\n<\/ol>\n<\/blockquote>\n<p><\/p>","protected":false},"excerpt":{"rendered":"<p>Sugerencias de Seguridad Que Pueden Mantenerlo Vivo Cada a\u00f1o, muchos los Obreros del Funci\u00f3n Construcci\u00f3n se lesionan en el lugar de trabajo debido a las condiciones inseguras que pudieron haberse corregido. Estas lesiones causan ausencia en el trabajo y salario perdido. Lo que es peor, estas lesiones a menudo causan problemas m\u00e9dicos que pueden limitar  [&#8230;]<\/p>\n","protected":false},"author":1,"featured_media":0,"parent":0,"menu_order":0,"comment_status":"closed","ping_status":"closed","template":"","meta":{"footnotes":""},"class_list":["post-2191","page","type-page","status-publish","hentry"],"_links":{"self":[{"href":"https:\/\/www.norcaltc.org\/es\/wp-json\/wp\/v2\/pages\/2191","targetHints":{"allow":["GET"]}}],"collection":[{"href":"https:\/\/www.norcaltc.org\/es\/wp-json\/wp\/v2\/pages"}],"about":[{"href":"https:\/\/www.norcaltc.org\/es\/wp-json\/wp\/v2\/types\/page"}],"author":[{"embeddable":true,"href":"https:\/\/www.norcaltc.org\/es\/wp-json\/wp\/v2\/users\/1"}],"replies":[{"embeddable":true,"href":"https:\/\/www.norcaltc.org\/es\/wp-json\/wp\/v2\/comments?post=2191"}],"version-history":[{"count":12,"href":"https:\/\/www.norcaltc.org\/es\/wp-json\/wp\/v2\/pages\/2191\/revisions"}],"predecessor-version":[{"id":3370,"href":"https:\/\/www.norcaltc.org\/es\/wp-json\/wp\/v2\/pages\/2191\/revisions\/3370"}],"wp:attachment":[{"href":"https:\/\/www.norcaltc.org\/es\/wp-json\/wp\/v2\/media?parent=2191"}],"curies":[{"name":"wp","href":"https:\/\/api.w.org\/{rel}","templated":true}]}}