{"id":2193,"date":"2015-01-19T06:10:46","date_gmt":"2015-01-19T06:10:46","guid":{"rendered":"http:\/\/norcaltc.org\/?page_id=2193"},"modified":"2021-10-12T16:01:57","modified_gmt":"2021-10-12T16:01:57","slug":"training-center","status":"publish","type":"page","link":"https:\/\/www.norcaltc.org\/es\/training-center\/","title":{"rendered":"Facilidades del Centro de Capacitaci\u00f3n"},"content":{"rendered":"<p><div class=\"fusion-fullwidth fullwidth-box fusion-builder-row-1 nonhundred-percent-fullwidth non-hundred-percent-height-scrolling\" style=\"--awb-border-radius-top-left:0px;--awb-border-radius-top-right:0px;--awb-border-radius-bottom-right:0px;--awb-border-radius-bottom-left:0px;--awb-flex-wrap:wrap;\" ><div class=\"fusion-builder-row fusion-row\"><div class=\"fusion-layout-column fusion_builder_column fusion-builder-column-0 fusion_builder_column_1_1 1_1 fusion-one-full fusion-column-first fusion-column-last\" style=\"--awb-bg-size:cover;--awb-margin-bottom:0px;\"><div class=\"fusion-column-wrapper fusion-flex-column-wrapper-legacy\"><div class=\"fusion-text fusion-text-1\"><h2>M<span lang=\"es\">isi\u00f3n<img decoding=\"async\" class=\"alignright wp-image-2977\" src=\"https:\/\/www.norcaltc.org\/wp-content\/uploads\/2015\/01\/PIC-023-ID-186092-300x225.jpg\" alt=\"\" width=\"450\" height=\"338\" srcset=\"https:\/\/www.norcaltc.org\/wp-content\/uploads\/2015\/01\/PIC-023-ID-186092-200x150.jpg 200w, https:\/\/www.norcaltc.org\/wp-content\/uploads\/2015\/01\/PIC-023-ID-186092-300x225.jpg 300w, https:\/\/www.norcaltc.org\/wp-content\/uploads\/2015\/01\/PIC-023-ID-186092-400x300.jpg 400w, https:\/\/www.norcaltc.org\/wp-content\/uploads\/2015\/01\/PIC-023-ID-186092-600x450.jpg 600w, https:\/\/www.norcaltc.org\/wp-content\/uploads\/2015\/01\/PIC-023-ID-186092-768x576.jpg 768w, https:\/\/www.norcaltc.org\/wp-content\/uploads\/2015\/01\/PIC-023-ID-186092-800x600.jpg 800w, https:\/\/www.norcaltc.org\/wp-content\/uploads\/2015\/01\/PIC-023-ID-186092-1024x768.jpg 1024w, https:\/\/www.norcaltc.org\/wp-content\/uploads\/2015\/01\/PIC-023-ID-186092-1200x900.jpg 1200w, https:\/\/www.norcaltc.org\/wp-content\/uploads\/2015\/01\/PIC-023-ID-186092-1536x1152.jpg 1536w, https:\/\/www.norcaltc.org\/wp-content\/uploads\/2015\/01\/PIC-023-ID-186092.jpg 1600w\" sizes=\"(max-width: 450px) 100vw, 450px\" \/><\/span><\/h2>\n<p>Centro de Capacitaci\u00f3n de los Obreros Obreros de la construcci\u00f3n ofrece una formaci\u00f3n integral de calidad haciendo hincapi\u00e9 en la seguridad , habilidades y conocimientos para aumentar su capacidad de comercializaci\u00f3n y valor a s\u00ed mismos, los contratistas signatarios y de la Industria de la Construcci\u00f3n.<\/p>\n<h2>Beneficios de Entrenamiento<\/h2>\n<h4>Durante la Asistencia a los Cursos en el Centro de Capacitaci\u00f3n:<\/h4>\n<ul>\n<li>No hay ning\u00fan costo para el cursillista por la capacitaci\u00f3n recibida en el Centro de Capacitaci\u00f3n.\/li&gt;<\/li>\n<li>Aquellos aprendices que decidan permanecer en el campus durante la duraci\u00f3n del curso recibir\u00e1n alojamiento. Esos aprendices deben traer sus propios art\u00edculos de tocador y ropa de cama.<\/li>\n<li>Todos los alumnos recibir\u00e1n el almuerzo.<\/li>\n<li>Los convenios con el Departamento de Desarrollo de Empleo de California le permiten obtener beneficios de desempleo durante la capacitaci\u00f3n.<\/li>\n<\/ul>\n<h2 id=\"tw-target-text\" class=\"tw-data-text tw-ta tw-text-medium\" dir=\"ltr\" data-placeholder=\"Translation\"><span lang=\"es\">Centro de entrenamiento<\/span><\/h2>\n<h4>Situado en las colinas al Oeste de San Ramon, California (al Norte del entronque de las Autopista Interestatales 680 y 580), el Centro de Capacitaci\u00f3n es el ambiente ideal para la capacitaci\u00f3n \u201cpr\u00e1ctica\u201d de los Obreros del Funci\u00f3n Construcci\u00f3n.<\/h4>\n<p>Adem\u00e1s de los numerosos sitios de capacitaci\u00f3n en el campo, este moderno complejo consta de un edificio com\u00fan grande que tiene un \u00e1rea de comedor, instalaciones recreativas, sala de estar y Oficina Administrativa. Contiguos al edificio principal est\u00e1n tres complejos de apartamentos los cuales pueden alojar hasta sesenta y cuatro cursillistas. Adyacentes al edificio principal est\u00e1n los salones de clase y un \u00e1rea de trabajo.<\/p>\n<p>Mientras asista a la capacitaci\u00f3n, un cursillista puede optar por quedarse en el complejo o viajar todos los d\u00edas. A los cursillistas hospedados en el Centro de Capacitaci\u00f3n se proporciona una habitaci\u00f3n que pueden compartir con otros tres participantes. A cada persona se proporciona tambi\u00e9n un casillero para que guarde sus art\u00edculos personales.<\/p>\n<p>Todos los estudiantes reciben almuerzo todos los d\u00edas. Se ha prestado especial atenci\u00f3n al tipo de trabajo que los alumnos realizan mientras se inscriben en el programa y los men\u00fas est\u00e1n dise\u00f1ados para ser tanto nutricionales como equilibrados.<\/p>\n<p>Los alumnos proporcionan su propia ropa de trabajo, botas y art\u00edculos de tocador. Los gafas de seguridad, los tapones para los o\u00eddos y las m\u00e1scaras contra el polvo se proporcionan de forma gratuita. Los aprendices deben traer sus propios cinturones de herramientas y herramientas personales.<\/p>\n<p>En un esfuerzo continuo de proporcionar al cursillista un centro de capacitaci\u00f3n de vanguardia que ofrece la capacitaci\u00f3n m\u00e1s pr\u00e1ctica y eficiente posible, el Centro de Capacitaci\u00f3n termin\u00f3 la construcci\u00f3n de su edificio educativo nuevo de 15,000 pies cuadrados el cual se inaugur\u00f3 el 6 de noviembre de 1999.<\/p>\n<p>El 19 de abril de 2002, se celebr\u00f3 una reinauguraci\u00f3n del Centro de Capacitaci\u00f3n para los Obreros del Norte de California para ponerle el nombre de Terence J. O\u2019Sullivan. Terence J. O\u2019Sullivan se desempe\u00f1\u00f3 como Secretario General y Tesorero Em\u00e9rito de la Laborers International Union of North America (La Uni\u00f3n Internacional de los Obreros de Norteam\u00e9rica o LIUNA) de 1968 a 1975. \u00c9l era instrumental en el establecimiento del primer programa de capacitaci\u00f3n para los Obreros en los Estados Unidos. Este Centro de Capacitaci\u00f3n se abri\u00f3 por primera vez en 1966 en Santa Rosa, California. Posteriormente se reubic\u00f3 a su sitio actual en San Ramon, California. Esta instalaci\u00f3n es el fundamento de la red de capacitaci\u00f3n ampliamente reconocida y de gran reputaci\u00f3n de la Uni\u00f3n Internacional de los Obreros. Actualmente hay 78 instalaciones de capacitaci\u00f3n de los Obreros en los Estados Unidos y Canad\u00e1. Cada a\u00f1o estos centros capacitan a m\u00e1s de 86,000 los Obreros de la Funci\u00f3n Construcci\u00f3n.<\/p>\n<\/div><div class=\"fusion-clearfix\"><\/div><\/div><\/div><\/div><\/div><\/p>","protected":false},"excerpt":{"rendered":"<p>Disculpa, pero esta entrada est\u00e1 disponible s\u00f3lo en English.<\/p>\n","protected":false},"author":1,"featured_media":0,"parent":0,"menu_order":0,"comment_status":"closed","ping_status":"closed","template":"","meta":{"footnotes":""},"class_list":["post-2193","page","type-page","status-publish","hentry"],"_links":{"self":[{"href":"https:\/\/www.norcaltc.org\/es\/wp-json\/wp\/v2\/pages\/2193","targetHints":{"allow":["GET"]}}],"collection":[{"href":"https:\/\/www.norcaltc.org\/es\/wp-json\/wp\/v2\/pages"}],"about":[{"href":"https:\/\/www.norcaltc.org\/es\/wp-json\/wp\/v2\/types\/page"}],"author":[{"embeddable":true,"href":"https:\/\/www.norcaltc.org\/es\/wp-json\/wp\/v2\/users\/1"}],"replies":[{"embeddable":true,"href":"https:\/\/www.norcaltc.org\/es\/wp-json\/wp\/v2\/comments?post=2193"}],"version-history":[{"count":26,"href":"https:\/\/www.norcaltc.org\/es\/wp-json\/wp\/v2\/pages\/2193\/revisions"}],"predecessor-version":[{"id":3368,"href":"https:\/\/www.norcaltc.org\/es\/wp-json\/wp\/v2\/pages\/2193\/revisions\/3368"}],"wp:attachment":[{"href":"https:\/\/www.norcaltc.org\/es\/wp-json\/wp\/v2\/media?parent=2193"}],"curies":[{"name":"wp","href":"https:\/\/api.w.org\/{rel}","templated":true}]}}