{"id":2201,"date":"2015-01-19T06:20:10","date_gmt":"2015-01-19T06:20:10","guid":{"rendered":"http:\/\/norcaltc.org\/?page_id=2201"},"modified":"2025-03-10T15:19:19","modified_gmt":"2025-03-10T22:19:19","slug":"training-program","status":"publish","type":"page","link":"https:\/\/www.norcaltc.org\/es\/training-program\/","title":{"rendered":"\u00bfQuiere tomar una clase en el Centro de Capacitaci\u00f3n?"},"content":{"rendered":"<p><\/p>\n<h2 class=\"widget-title\">\u00bfQuieres tomar una clase en el centro de entrenamiento?<\/h2>\n<h3><a href=\"https:\/\/www.norcaltc.org\/wp-content\/uploads\/2015\/01\/TRAINING-for-TBsm1.jpg\"><img decoding=\"async\" class=\"alignright size-full wp-image-2354\" src=\"https:\/\/www.norcaltc.org\/wp-content\/uploads\/2015\/01\/TRAINING-for-TBsm1.jpg\" alt=\"TRAINING-for-TBsm\" width=\"425\" height=\"291\" srcset=\"https:\/\/www.norcaltc.org\/wp-content\/uploads\/2015\/01\/TRAINING-for-TBsm1-200x137.jpg 200w, https:\/\/www.norcaltc.org\/wp-content\/uploads\/2015\/01\/TRAINING-for-TBsm1-300x205.jpg 300w, https:\/\/www.norcaltc.org\/wp-content\/uploads\/2015\/01\/TRAINING-for-TBsm1-400x274.jpg 400w, https:\/\/www.norcaltc.org\/wp-content\/uploads\/2015\/01\/TRAINING-for-TBsm1.jpg 425w\" sizes=\"(max-width: 425px) 100vw, 425px\" \/><\/a>Seleccione una Clase<\/h3>\n<p>Cada tres meses, se env\u00eda un programa de cursos a cada Obrero al domicilio mencionado en su Forma de Inscripci\u00f3n. Si no recibi\u00f3 un horario de clases, entonces: <a href=\"https:\/\/www.norcaltc.org\/wp-content\/uploads\/2025\/03\/April-June-2025.pdf\" target=\"_blank\" rel=\"noopener\">haga clic en el calendario del curso del centro de capacitaci\u00f3n aqu\u00ed,<\/a> o env\u00ede una petici\u00f3n por correo electr\u00f3nico a <a href=\"mailto:training@norcaltc.org\" target=\"_blank\" rel=\"noopener noreferrer\">training@norcaltc.org<\/a>, llame por tel\u00e9fono a la Oficina de Uni\u00f3n Local o el Centro de Capacitaci\u00f3n.<\/p>\n<h3>Matric\u00falese a Trav\u00e9s de la Oficina de Uni\u00f3n Local<\/h3>\n<p>Llame por tel\u00e9fono a la <a href=\"https:\/\/www.norcaltc.org\/map\/\" target=\"_blank\" rel=\"noopener noreferrer\">Oficina de Uni\u00f3n Local<\/a> o pregunte cuando pague su cuota o al inscribir en el pasar lista. D\u00edgales cu\u00e1les cursos le interesan. Entonces se pondr\u00e1n en contacto con el Centro de Capacitaci\u00f3n, el cual revisar\u00e1 su estado de trabajo y la disponibilidad del curso. El Centro de Capacitaci\u00f3n le avisar\u00e1 a la Oficina de Uni\u00f3n Local, la cual lo llamar\u00e1 por tel\u00e9fono con respecto a la disponibilidad del curso en particular.<\/p>\n<h3>Consiga sus Documentos de Matriculaci\u00f3n<\/h3>\n<p>Antes de comenzar la clase, necesitar\u00e1 sus documentos de matriculaci\u00f3n. La Oficina de Uni\u00f3n Local los puede enviar por correo o usted los puede recoger en la Oficina de Uni\u00f3n Local.<\/p>\n<h3>Detecci\u00f3n de Drogas<\/h3>\n<h5>A partir del 28 de febrero de 2000, el Centro de Capacitaci\u00f3n de los Obreros del Norte de California ha implementado un programa de detecci\u00f3n de drogas. Este programa es para todos los aprendices y cursillistas que est\u00e9n inscritos en cualquier curso de una semana o m\u00e1s tiempo en el Centro de Capacitaci\u00f3n.<\/h5>\n<p>El programa de detecci\u00f3n de drogas tiene el prop\u00f3sito de: proteger la salud y seguridad de aprendices, cursillistas y personal en el Centro de Capacitaci\u00f3n y en los sitios de trabajo; fomentar la libertad de la dependencia a las drogas y mejorar la confiabilidad, capacidad de trabajo y seguridad del trabajador. Todos los aprendices y cursillistas tendr\u00e1n que someterse a un examen de detecci\u00f3n de drogas. Este examen ser\u00e1 conducida por un laboratorio independiente aprobado por el Departamento de Salud y Servicios Humanos. Se han establecido directivas de manera que todos los resultados permanezcan confidenciales. El aprendiz o cursillista que se niegue a someterse al examen de detecci\u00f3n de drogas, o cuyo resultado de dicha prueba sea positivo, no estar\u00e1 autorizado a asistir a las clases en el Centro de Capacitaci\u00f3n. Cualquier persona cuyo resultado del examen de detecci\u00f3n de drogas sea positivo ser\u00e1 referida a un programa de asistencia y ser\u00e1 suspendida en t\u00e9rminos administrativos del Centro de Capacitaci\u00f3n hasta que concluya con \u00e9xito el programa de tratamiento prescrito por el programa de asistencia y proporciona la prueba de la terminaci\u00f3n.<\/p>","protected":false},"excerpt":{"rendered":"<p>\u00bfQuieres tomar una clase en el centro de entrenamiento? Seleccione una Clase Cada tres meses, se env\u00eda un programa de cursos a cada Obrero al domicilio mencionado en su Forma de Inscripci\u00f3n. Si no recibi\u00f3 un horario de clases, entonces: haga clic en el calendario del curso del centro de capacitaci\u00f3n aqu\u00ed, o env\u00ede una  [&#8230;]<\/p>\n","protected":false},"author":1,"featured_media":0,"parent":0,"menu_order":0,"comment_status":"closed","ping_status":"closed","template":"","meta":{"footnotes":""},"class_list":["post-2201","page","type-page","status-publish","hentry"],"_links":{"self":[{"href":"https:\/\/www.norcaltc.org\/es\/wp-json\/wp\/v2\/pages\/2201","targetHints":{"allow":["GET"]}}],"collection":[{"href":"https:\/\/www.norcaltc.org\/es\/wp-json\/wp\/v2\/pages"}],"about":[{"href":"https:\/\/www.norcaltc.org\/es\/wp-json\/wp\/v2\/types\/page"}],"author":[{"embeddable":true,"href":"https:\/\/www.norcaltc.org\/es\/wp-json\/wp\/v2\/users\/1"}],"replies":[{"embeddable":true,"href":"https:\/\/www.norcaltc.org\/es\/wp-json\/wp\/v2\/comments?post=2201"}],"version-history":[{"count":41,"href":"https:\/\/www.norcaltc.org\/es\/wp-json\/wp\/v2\/pages\/2201\/revisions"}],"predecessor-version":[{"id":4366,"href":"https:\/\/www.norcaltc.org\/es\/wp-json\/wp\/v2\/pages\/2201\/revisions\/4366"}],"wp:attachment":[{"href":"https:\/\/www.norcaltc.org\/es\/wp-json\/wp\/v2\/media?parent=2201"}],"curies":[{"name":"wp","href":"https:\/\/api.w.org\/{rel}","templated":true}]}}