{"id":2232,"date":"2015-01-19T16:56:38","date_gmt":"2015-01-19T16:56:38","guid":{"rendered":"http:\/\/norcaltc.org\/?page_id=2232"},"modified":"2015-06-26T14:58:42","modified_gmt":"2015-06-26T14:58:42","slug":"faq","status":"publish","type":"page","link":"https:\/\/www.norcaltc.org\/es\/faq\/","title":{"rendered":"FAQ"},"content":{"rendered":"<p><\/p>\n<h5>Esta secci\u00f3n contiene preguntas hechas con frecuencia, con respuestas, que se reciben en la Oficina de Fondos por parte de Empleadores o los Obreros (o sus beneficiarios y dependientes).<\/h5>\n<p>Las respuestas proporcionadas en esta secci\u00f3n son s\u00f3lo res\u00famenes convenientes de las principales provisiones de un plan de beneficios correspondiente o la administraci\u00f3n de beneficios por la Oficina de Fondos. Las respuestas no contienen todas las exclusiones o limitaciones aplicables de alguna cobertura en cuesti\u00f3n. Estas respuestas generales no pueden reflejar de manera adecuada todos los detalles de un plan aplicable o tratar los detalles espec\u00edficos de la situaci\u00f3n de un participante o beneficiario elegible.<\/p>\n<h5>Las respuestas proporcionadas en esta secci\u00f3n no deben interpretarse o aceptarse como un sustituto de las Reglas y Reglamentos (Rules and Regulations) aplicables (modificadas) del plan de beneficios de los Fondos Fideicomiso o contrato de cada Organizaci\u00f3n de Mantenimiento de Salud (HMO) con los Fondos Fideicomiso. Esta informaci\u00f3n puede modificarse, en cualquier momento, mediante anuncios oficiales o avisos de cambio del Consejo de Fideicomisarios (enviados por correo a los participantes elegibles).<\/h5>\n<p>Si tiene preguntas concernientes a: (1) la aplicabilidad de una pregunta o respuesta a su situaci\u00f3n en particular, o (2) su elegibilidad para participar en los planes de beneficios, o (3) sus beneficios en general, por favor p\u00f3ngase en contacto con la Oficina de Fondos. Nuestro personal lo ayudar\u00e1 con gusto.<\/p>\n<ul>\n<li><a href=\"https:\/\/www.norcaltc.org\/questions-and-answers-for-laborers\/\">Preguntas y Respuestas para los Obreros y sus Beneficiarios y Dependientes<\/a><\/li>\n<li><a href=\"https:\/\/www.norcaltc.org\/questions-and-answers-for-employers-2\/\">Preguntas y Respuestas para Empleadores<\/a><\/li>\n<li><a href=\"https:\/\/www.norcaltc.org\/questions-and-answers-about-the-training\/\">Preguntas y Respuestas para Capacitaci\u00f3n y Aprendizaje<\/a><\/li>\n<\/ul>\n<p><\/p>","protected":false},"excerpt":{"rendered":"<p>Esta secci\u00f3n contiene preguntas hechas con frecuencia, con respuestas, que se reciben en la Oficina de Fondos por parte de Empleadores o los Obreros (o sus beneficiarios y dependientes). Las respuestas proporcionadas en esta secci\u00f3n son s\u00f3lo res\u00famenes convenientes de las principales provisiones de un plan de beneficios correspondiente o la administraci\u00f3n de beneficios por  [&#8230;]<\/p>\n","protected":false},"author":1,"featured_media":0,"parent":0,"menu_order":0,"comment_status":"closed","ping_status":"closed","template":"","meta":{"footnotes":""},"class_list":["post-2232","page","type-page","status-publish","hentry"],"_links":{"self":[{"href":"https:\/\/www.norcaltc.org\/es\/wp-json\/wp\/v2\/pages\/2232","targetHints":{"allow":["GET"]}}],"collection":[{"href":"https:\/\/www.norcaltc.org\/es\/wp-json\/wp\/v2\/pages"}],"about":[{"href":"https:\/\/www.norcaltc.org\/es\/wp-json\/wp\/v2\/types\/page"}],"author":[{"embeddable":true,"href":"https:\/\/www.norcaltc.org\/es\/wp-json\/wp\/v2\/users\/1"}],"replies":[{"embeddable":true,"href":"https:\/\/www.norcaltc.org\/es\/wp-json\/wp\/v2\/comments?post=2232"}],"version-history":[{"count":7,"href":"https:\/\/www.norcaltc.org\/es\/wp-json\/wp\/v2\/pages\/2232\/revisions"}],"predecessor-version":[{"id":2526,"href":"https:\/\/www.norcaltc.org\/es\/wp-json\/wp\/v2\/pages\/2232\/revisions\/2526"}],"wp:attachment":[{"href":"https:\/\/www.norcaltc.org\/es\/wp-json\/wp\/v2\/media?parent=2232"}],"curies":[{"name":"wp","href":"https:\/\/api.w.org\/{rel}","templated":true}]}}