{"id":2234,"date":"2015-01-19T16:57:12","date_gmt":"2015-01-19T16:57:12","guid":{"rendered":"http:\/\/norcaltc.org\/?page_id=2234"},"modified":"2015-06-26T15:07:32","modified_gmt":"2015-06-26T15:07:32","slug":"questions-and-answers-for-laborers","status":"publish","type":"page","link":"https:\/\/www.norcaltc.org\/es\/questions-and-answers-for-laborers\/","title":{"rendered":"Questions and Answers for Laborers"},"content":{"rendered":"<p><a href=\"https:\/\/www.norcaltc.org\/benefits-administration-and-information\/\"><strong>Administraci\u00f3n e Informaci\u00f3n de Beneficios\/strong><\/a><\/p>\n<ul>\n<li><a href=\"https:\/\/www.norcaltc.org\/benefits-administration-and-information\/#idcardlost\">\u00bfQu\u00e9 hago si pierdo mi tarjeta de identificaci\u00f3n de plan de salud?<\/a><\/li>\n<li><a href=\"http:\/\/www.norcalaborers.org\/FAQ\/LABBenefit.htm#beninfo\">\u00bfAd\u00f3nde puedo llamar para informaci\u00f3n sobre los beneficios?<\/a><\/li>\n<li><a href=\"http:\/\/www.norcalaborers.org\/FAQ\/LABBenefit.htm#counties\">\u00bfCu\u00e1les son los 46 condados del Norte de California representados por los Fondos Fideicomiso (conocido tambi\u00e9n como el \u00c1rea Preferente de Servicios de Prestadores o Preferred Provider Service Area)?<br \/>\n<\/a><\/li>\n<\/ul>\n<p><a href=\"https:\/\/www.norcaltc.org\/eligibility-information\/\"><strong>Informaci\u00f3n de la Elegibilidad<\/strong><\/a><\/p>\n<ul>\n<li><a href=\"https:\/\/www.norcaltc.org\/eligibility-information\/#payrecords\">\u00bfPor qu\u00e9 es importante para m\u00ed conservar mis inscripciones de n\u00f3mina (talones de cheques)?<\/a><\/li>\n<li><a href=\"https:\/\/www.norcaltc.org\/eligibility-information\/#emplnopay\">Mi Empleador se ha negado a pagar mis contribuciones a los Fondos Fideicomiso. \u00bfQu\u00e9 puedo hacer para ayudar a los Fondos Fideicomiso a cobrar lo que me debe?<\/a><\/li>\n<li><a href=\"https:\/\/www.norcaltc.org\/eligibility-information\/#hourbank\">Planeo estar varios meses sin trabajar. \u00bfCu\u00e1nto tiempo durar\u00e1 mi cobertura de salud y bienestar, con el n\u00famero actual de horas en mi Banco de Horas?<br \/>\n<\/a><\/li>\n<li><a href=\"https:\/\/www.norcaltc.org\/eligibility-information\/#soa\">\u00bfQu\u00e9 me dice un Estado de Cuenta (Statement of Account)<\/a><\/li>\n<li><a href=\"https:\/\/www.norcaltc.org\/eligibility-information\/#soalosthours\">\u00bfQu\u00e9 debo hacer si no aparecen todas mis horas de trabajo en el Estado de Cuenta (Statement of Account) ?<\/a><\/li>\n<li><a href=\"https:\/\/www.norcaltc.org\/eligibility-information\/#soaerror\">\u00bfQu\u00e9 debo hacer si hay un error en el Estado de Cuenta (Statement of Account)?<\/a><\/li>\n<li><a href=\"https:\/\/www.norcaltc.org\/eligibility-information\/#soanorecv\">\u00bfQu\u00e9 debo hacer si no recibo un Estado de Cuenta (Statement of Account)?<\/a><\/li>\n<\/ul>\n<p><a href=\"https:\/\/www.norcaltc.org\/cobra-continuation-coverage\/\"><strong>Continuaci\u00f3n de Cobertura por COBRA<\/strong><\/a><\/p>\n<ul>\n<li><a href=\"https:\/\/www.norcaltc.org\/cobra-continuation-coverage\/#cobra\">\u00bfQu\u00e9 es COBRA?<\/a><\/li>\n<li><a href=\"https:\/\/www.norcaltc.org\/cobra-continuation-coverage\/#cobraqualben\">\u00bfQui\u00e9n es un Beneficiario Calificado (Qualified Beneficiary) seg\u00fan COBRA?<\/a><\/li>\n<li><a href=\"https:\/\/www.norcaltc.org\/cobra-continuation-coverage\/#cobraqualevents\">\u00bfCu\u00e1les son los Sucesos Calificadores (Qualifying Events) de COBRA?<\/a><\/li>\n<li><a href=\"https:\/\/www.norcaltc.org\/cobra-continuation-coverage\/#cobracostterm\">\u00bfCu\u00e1l es el costo y cu\u00e1nto tiempo dura la cobertura de acuerdo con COBRA?<\/a><\/li>\n<\/ul>\n<p><a href=\"https:\/\/www.norcaltc.org\/hospital-medical-benefits\/\"><strong>Beneficios de Hospital-M\u00e9dicos<\/strong><\/a><\/p>\n<ul>\n<li><a href=\"https:\/\/www.norcaltc.org\/hospital-medical-benefits\/#hmo\">\u00bfQu\u00e9 es un HMO?<\/a><\/li>\n<li><a href=\"https:\/\/www.norcaltc.org\/hospital-medical-benefits\/#ppo\">\u00bfQu\u00e9 es un PPO?<\/a><\/li>\n<li><a href=\"https:\/\/www.norcaltc.org\/hospital-medical-benefits\/#cob\">\u00bfQu\u00e9 es Coordinaci\u00f3n de Beneficios (Coordination of Benefits o COB)?<\/a><\/li>\n<li><a href=\"https:\/\/www.norcaltc.org\/hospital-medical-benefits\/#physician\">\u00bfCu\u00e1l es la definici\u00f3n de M\u00e9dico del Plan (Physician)?<\/a><\/li>\n<\/ul>\n<p><a href=\"https:\/\/www.norcaltc.org\/pensions-annuities\/\"><strong>Pensi\u00f3n y Anuidad<\/p>\n<p><\/strong><\/a><\/p>\n<ul>\n<li><a href=\"https:\/\/www.norcaltc.org\/pensions-annuities\/#penpart\">\u00bfCu\u00e1les son los requisitos para convertirse en un Participante en el Plan de Pensi\u00f3n para los Obreros Jubilados?<\/a><\/li>\n<li><a href=\"https:\/\/www.norcaltc.org\/pensions-annuities\/#penlosepart\">\u00bfPuedo perder la Participaci\u00f3n en el Plan de Pensi\u00f3n para los Obreros Jubilados?<\/a><\/li>\n<li><a href=\"https:\/\/www.norcaltc.org\/pensions-annuities\/#penworth\">\u00bfCu\u00e1nto vale mi Pensi\u00f3n?<br \/>\n<\/a><\/li>\n<li><a href=\"https:\/\/www.norcaltc.org\/pensions-annuities\/#transferhours\">\u00bfQu\u00e9 dice el Plan de Pensi\u00f3n acerca de transferir horas de un A\u00f1o de Cr\u00e9dito de Plan (Plan Credit Year) a otro?<\/a><\/li>\n<li><a href=\"https:\/\/www.norcaltc.org\/pensions-annuities\/#anngetmoney\">\u00bfCu\u00e1ndo puedo recibir el dinero en mi Cuenta de Anuidad?\/a><\/li>\n<\/ul>\n<p><\/p>","protected":false},"excerpt":{"rendered":"<p>Administraci\u00f3n e Informaci\u00f3n de Beneficios\/strong> \u00bfQu\u00e9 hago si pierdo mi tarjeta de identificaci\u00f3n de plan de salud? \u00bfAd\u00f3nde puedo llamar para informaci\u00f3n sobre los beneficios? \u00bfCu\u00e1les son los 46 condados del Norte de California representados por los Fondos Fideicomiso (conocido tambi\u00e9n como el \u00c1rea Preferente de Servicios de Prestadores o Preferred Provider Service Area)? Informaci\u00f3n  [&#8230;]<\/p>\n","protected":false},"author":1,"featured_media":0,"parent":0,"menu_order":0,"comment_status":"closed","ping_status":"closed","template":"template-builder-page.php","meta":{"footnotes":""},"class_list":["post-2234","page","type-page","status-publish","hentry"],"_links":{"self":[{"href":"https:\/\/www.norcaltc.org\/es\/wp-json\/wp\/v2\/pages\/2234","targetHints":{"allow":["GET"]}}],"collection":[{"href":"https:\/\/www.norcaltc.org\/es\/wp-json\/wp\/v2\/pages"}],"about":[{"href":"https:\/\/www.norcaltc.org\/es\/wp-json\/wp\/v2\/types\/page"}],"author":[{"embeddable":true,"href":"https:\/\/www.norcaltc.org\/es\/wp-json\/wp\/v2\/users\/1"}],"replies":[{"embeddable":true,"href":"https:\/\/www.norcaltc.org\/es\/wp-json\/wp\/v2\/comments?post=2234"}],"version-history":[{"count":11,"href":"https:\/\/www.norcaltc.org\/es\/wp-json\/wp\/v2\/pages\/2234\/revisions"}],"predecessor-version":[{"id":2527,"href":"https:\/\/www.norcaltc.org\/es\/wp-json\/wp\/v2\/pages\/2234\/revisions\/2527"}],"wp:attachment":[{"href":"https:\/\/www.norcaltc.org\/es\/wp-json\/wp\/v2\/media?parent=2234"}],"curies":[{"name":"wp","href":"https:\/\/api.w.org\/{rel}","templated":true}]}}