{"id":2370,"date":"2015-05-06T13:29:11","date_gmt":"2015-05-06T13:29:11","guid":{"rendered":"http:\/\/norcaltc.org\/?page_id=2370"},"modified":"2015-06-27T00:13:06","modified_gmt":"2015-06-27T00:13:06","slug":"benefits-administration-and-information","status":"publish","type":"page","link":"https:\/\/www.norcaltc.org\/es\/benefits-administration-and-information\/","title":{"rendered":"Administraci\u00f3n e Informaci\u00f3n de Beneficios"},"content":{"rendered":"<p>Para ir a la respuesta, por favor clic cualquier pregunta que sigue:<\/p>\n<p align=\"left\"><a href=\"https:\/\/www.norcaltc.org\/benefits-administration-and-information\/#idcardlost\">\u00bfQu\u00e9 hago si pierdo mi tarjeta de identificaci\u00f3n de plan de salud?<\/a><\/p>\n<p><a href=\"https:\/\/www.norcaltc.org\/benefits-administration-and-information\/#beninfo\">\u00bfAd\u00f3nde puedo llamar para informaci\u00f3n sobre los beneficios?<\/a><\/p>\n<p><a href=\"https:\/\/www.norcaltc.org\/benefits-administration-and-information\/#counties2\">\u00bfCu\u00e1les son los 46 condados del Norte de California representados por los Fondos Fideicomiso (conocido tambi\u00e9n como el \u00c1rea Preferente de Servicios de Prestadores o\u00a0<em>Preferred Provider Service Area<\/em>)?<\/a><\/p>\n<h4><a name=\"idcardlost\"><\/a>\u00bfQu\u00e9 hago si pierdo mi tarjeta de identificaci\u00f3n de plan de salud?<\/h4>\n<p>No tiene que preocuparse. S\u00f3lo p\u00f3ngase en contacto con la\u00a0Oficina de Fondos\u00a0o env\u00ede un correo electr\u00f3nico a\u00a0customerservice@norcalaborers.org\u00a0para solicitar una nueva tarjeta. Mientras tanto, todav\u00eda puede tener acceso a su cobertura de salud. Para hacerlo, tiene que saber lo siguiente:<\/p>\n<ul>\n<li><strong>N\u00famero de Grupo<\/strong>\n<ul>\n<li>Plan Activo &#8211; \u00a01790JA<\/li>\n<li>Plan Especial III &#8211; 1790JC<\/li>\n<li>Plan Especial 311 &#8211;\u00a01790JZ<\/li>\n<li>Plan Especial V &#8211; 1790JM<\/li>\n<\/ul>\n<\/li>\n<li><strong>N\u00famero del Seguro Social<\/strong>\n<ul>\n<li>Si necesita medicamento, darle a la farmacia su N\u00famero de Grupo y su n\u00famero del Seguro Social.<\/li>\n<li>Si es un cliente regular, probablemente no tendr\u00e1 que presentar una tarjeta.<\/li>\n<li>La farmacia deber\u00e1 tener toda la informaci\u00f3n necesaria para surtir su receta.<\/li>\n<\/ul>\n<\/li>\n<li><strong>N\u00fameros Gratuitos<\/strong>\n<ul>\n<li>Oficina de Fondos (de los Obreros): 1-800-244-4530<\/li>\n<li><em>Prescription Solutions<\/em>: 1-800-562-6223<br \/>\n(clientes con impedimentos auditivos marquen 1-800-498-5428)<\/li>\n<li>Revisi\u00f3n de Utilizaci\u00f3n\u00a0<em>(Utilization Review)<\/em>\u00a0&#8211;<br \/>\nRevisi\u00f3n de Previa a la Autorizaci\u00f3n\/Previa al Servicio: 1-800-274-7767<br \/>\n(<strong>Nota:<\/strong>\u00a0Este es el n\u00famero gratuito al cual el hospital deber\u00e1 llamar para arreglar la revisi\u00f3n de utilizaci\u00f3n para estancias electivas y de emergencia de los pacientes hospitalizados. La revisi\u00f3n de utilizaci\u00f3n s\u00f3lo autoriza el n\u00famero de d\u00edas que son m\u00e9dicamente necesarios para una estancia en el hospital, no verifica la elegibilidad. Para verificar la elegibilidad, el hospital debe ponerse en contacto con la\u00a0Oficina de Fondos).<\/li>\n<\/ul>\n<\/li>\n<\/ul>\n<p>Cualquier prestador de servicios para el cuidado de la salud u hospital puede ponerse en contacto con la\u00a0Oficina de Fondos\u00a0en el n\u00famero anterior entre las horas de 8:30\u00a0<small>AM<\/small>\u00a0a 4:00\u00a0<small>PM<\/small>, de lunes a viernes, para verificar la elegibilidad o resolver cualquier asunto que pueda surgir respecto a alguna beneficio.<\/p>\n<p>Si est\u00e1 teniendo problemas para tener acceso a su cobertura de medicamentos recetados, usted o su farmac\u00e9utico pueden ponerse en contacto con\u00a0<em>Prescription Solutions<\/em>\u00a0en el (gratis) 1-800-562-6223 (personas con impedimentos auditivos marquen 1-800-498-5428). El servicio de clientes de\u00a0<em>Prescription Solutions<\/em>\u00a0est\u00e1 disponible de lunes a viernes de 6:00\u00a0<small>AM<\/small>\u00a0a 9:00\u00a0<small>PM<\/small>\u00a0(Hora del Pac\u00edfico) y s\u00e1bados y domingos de 7:00\u00a0<small>AM<\/small>\u00a0a 7:00\u00a0<small>PM<\/small>\u00a0(Hora del Pac\u00edfico). Si\u00a0<em>Prescription Solutions<\/em>\u00a0no puede resolver el problema, p\u00f3ngase en contacto con la\u00a0Oficina de Fondos.<\/p>\n<p>Usted recibir\u00e1 su tarjeta de reemplazo dentro de dos semanas a partir de la fecha en que la orden\u00f3. Si no la recibe, p\u00f3ngase en contacto de inmediato con la\u00a0Oficina de Fondos.<\/p>\n<h4>\u00bfAd\u00f3nde puedo llamar para informaci\u00f3n sobre los beneficios?<\/h4>\n<p>Cada vez que tenga preguntas con respecto a sus beneficios o elegibilidad, llame a la\u00a0Oficina de Fondosal (707) 864-2800 o al n\u00famero gratuito 1-800-244-4530<\/p>\n<p>Las preguntas con respecto a su cobertura de hospital-m\u00e9dico deber\u00e1n dirigirse al departamento de Salud y Bienestar.<\/p>\n<p>Las preguntas con respecto a la elegibilidad por jubilaci\u00f3n o pensi\u00f3n deber\u00e1n dirigirse al departamento de Jubilados.<\/p>\n<p>Las preguntas con respecto a los beneficios para vacaci\u00f3n-dia festivo deber\u00e1n dirigirse al departamento de Vacaci\u00f3n.<\/p>\n<p>El horario de la Oficina de Fondos es de 8:30\u00a0<small>AM<\/small>\u00a0a 4:00\u00a0<small>PM<\/small>, de lunes a viernes.<\/p>\n<p>Si desea escribir, env\u00ede su correspondencia dirigida a: Laborers Funds Administrative Office, 220 Campus Lane, Fairfield, California 94534-1498.<\/p>\n<p>Tambi\u00e9n puede enviar un correo electr\u00f3nico a la Oficina de Fondos a\u00a0customerservice@norcalaborers.org.<\/p>\n<h4><a name=\"counties2\"><\/a>\u00bfCu\u00e1les son los 46 condados del Norte de California representados por los Fondos Fideicomiso (conocido tambi\u00e9n como el \u00c1rea Preferente de Servicios de Prestadores o\u00a0<em>Preferred Provider Service Area<\/em>)?<\/h4>\n<table width=\"550\" align=\"center\">\n<tbody>\n<tr>\n<td>Alameda<\/td>\n<td>Kings<\/td>\n<td>Placer<\/td>\n<td>Solano<\/td>\n<\/tr>\n<tr>\n<td>Alpine<\/td>\n<td>Lake<\/td>\n<td>Plumas<\/td>\n<td>Sonoma<\/td>\n<\/tr>\n<tr>\n<td>Amador<\/td>\n<td>Lassen<\/td>\n<td>Sacramento<\/td>\n<td>Stanislaus<\/td>\n<\/tr>\n<tr>\n<td>Butte<\/td>\n<td>Madera<\/td>\n<td>San Benito<\/td>\n<td>Sutter<\/td>\n<\/tr>\n<tr>\n<td>Calaveras<\/td>\n<td>Marin<\/td>\n<td>San Francisco<\/td>\n<td>Tehama<\/td>\n<\/tr>\n<tr>\n<td>Colusa<\/td>\n<td>Mariposa<\/td>\n<td>San Joaquin<\/td>\n<td>Trinity<\/td>\n<\/tr>\n<tr>\n<td>Contra Costa<\/td>\n<td>Mendocino<\/td>\n<td>San Mateo<\/td>\n<td>Tulare<\/td>\n<\/tr>\n<tr>\n<td>Del Norte<\/td>\n<td>Merced<\/td>\n<td>Santa Clara<\/td>\n<td>Tuolumne<\/td>\n<\/tr>\n<tr>\n<td>El Dorado<\/td>\n<td>Modoc<\/td>\n<td>Santa Cruz<\/td>\n<td>Yolo<\/td>\n<\/tr>\n<tr>\n<td>Fresno<\/td>\n<td>Monterey<\/td>\n<td>Shasta<\/td>\n<td>Yuba<\/td>\n<\/tr>\n<tr>\n<td>Glenn<\/td>\n<td>Napa<\/td>\n<td>Sierra<\/td>\n<td><\/td>\n<\/tr>\n<tr>\n<td>Humboldt<\/td>\n<td>Nevada<\/td>\n<td>Siskiyou<\/td>\n<\/tr>\n<\/tbody>\n<\/table>\n<p><\/p>","protected":false},"excerpt":{"rendered":"<p>Para ir a la respuesta, por favor clic cualquier pregunta que sigue: \u00bfQu\u00e9 hago si pierdo mi tarjeta de identificaci\u00f3n de plan de salud? \u00bfAd\u00f3nde puedo llamar para informaci\u00f3n sobre los beneficios? \u00bfCu\u00e1les son los 46 condados del Norte de California representados por los Fondos Fideicomiso (conocido tambi\u00e9n como el \u00c1rea Preferente de Servicios de  [&#8230;]<\/p>\n","protected":false},"author":1,"featured_media":0,"parent":0,"menu_order":0,"comment_status":"closed","ping_status":"closed","template":"","meta":{"footnotes":""},"class_list":["post-2370","page","type-page","status-publish","hentry"],"_links":{"self":[{"href":"https:\/\/www.norcaltc.org\/es\/wp-json\/wp\/v2\/pages\/2370","targetHints":{"allow":["GET"]}}],"collection":[{"href":"https:\/\/www.norcaltc.org\/es\/wp-json\/wp\/v2\/pages"}],"about":[{"href":"https:\/\/www.norcaltc.org\/es\/wp-json\/wp\/v2\/types\/page"}],"author":[{"embeddable":true,"href":"https:\/\/www.norcaltc.org\/es\/wp-json\/wp\/v2\/users\/1"}],"replies":[{"embeddable":true,"href":"https:\/\/www.norcaltc.org\/es\/wp-json\/wp\/v2\/comments?post=2370"}],"version-history":[{"count":21,"href":"https:\/\/www.norcaltc.org\/es\/wp-json\/wp\/v2\/pages\/2370\/revisions"}],"predecessor-version":[{"id":2543,"href":"https:\/\/www.norcaltc.org\/es\/wp-json\/wp\/v2\/pages\/2370\/revisions\/2543"}],"wp:attachment":[{"href":"https:\/\/www.norcaltc.org\/es\/wp-json\/wp\/v2\/media?parent=2370"}],"curies":[{"name":"wp","href":"https:\/\/api.w.org\/{rel}","templated":true}]}}