{"id":2712,"date":"2017-03-20T00:47:00","date_gmt":"2017-03-20T00:47:00","guid":{"rendered":"http:\/\/norcaltc.org\/?page_id=2712"},"modified":"2021-12-09T04:34:15","modified_gmt":"2021-12-09T04:34:15","slug":"faq-2","status":"publish","type":"page","link":"https:\/\/www.norcaltc.org\/es\/faq-2\/","title":{"rendered":"FAQ"},"content":{"rendered":"<p><div class=\"fusion-fullwidth fullwidth-box fusion-builder-row-2 nonhundred-percent-fullwidth non-hundred-percent-height-scrolling\" style=\"--awb-border-radius-top-left:0px;--awb-border-radius-top-right:0px;--awb-border-radius-bottom-right:0px;--awb-border-radius-bottom-left:0px;--awb-flex-wrap:wrap;\" ><div class=\"fusion-builder-row fusion-row\"><div class=\"fusion-layout-column fusion_builder_column fusion-builder-column-1 fusion_builder_column_1_1 1_1 fusion-one-full fusion-column-first fusion-column-last\" style=\"--awb-bg-size:cover;\"><div class=\"fusion-column-wrapper fusion-flex-column-wrapper-legacy\"><div class=\"fusion-text fusion-text-2\"><ol>\n<li>\n<h3>\u00bfQu\u00e9 significa \u00abAprendizaje\u00bb?<\/h3>\n<p>Un aprendiz es alguien que est\u00e1 aprendiendo un oficio o comercio a trav\u00e9s de una combinaci\u00f3n de entrenamiento en el trabajo (OJT) y la instrucci\u00f3n en el aula. Los aprendices trabajan en sitios de trabajo con los jornaleros y toman clases impartidas por instructores que han pasado muchos a\u00f1os en el campo. Los aprendices est\u00e1n registrados en el estado de California y reciben un estatus especial.<\/li>\n<li>\n<h3>\u00bfQu\u00e9 programa de aprendizaje debo solicitar?<\/h3>\n<p>El programa de Artesanos de Construcci\u00f3n (CCL) es nuestro programa m\u00e1s grande que ofrece la mayor oportunidad. Los otros programas suelen ser para aprendices que son patrocinados por un contratista de especialidad en particular. La informaci\u00f3n a continuaci\u00f3n pertenece al programa CCL.<\/li>\n<li>\n<h3>\u00bfQui\u00e9n es elegible para ser aprendiz?<\/h3>\n<p>Para poder participar en el programa de aprendizaje de Obreros, usted debe cumplir con los siguientes requisitos:<\/p>\n<p>\u2022 Debe tener por lo menos 18 a\u00f1os<br \/>\n\u2022 Debe ser f\u00edsicamente capaz de realizar trabajos de tipo construcci\u00f3n<br \/>\n\u2022 Debe tener la capacidad de comunicarse con seguridad en el lugar de trabajo<br \/>\n\u2022 Debe aprobar una prueba de drogas<br \/>\n\u2022 Debe tener una licencia v\u00e1lida de conducir de California<\/li>\n<li>\n<h3>\u00bfC\u00f3mo consigo en el programa de aprendizaje?<\/h3>\n<p>Las solicitudes son aceptadas desde el 1 de marzo hasta el 30 de junio. Todos los solicitantes est\u00e1n invitados a una orientaci\u00f3n de un d\u00eda que normalmente se lleva a cabo en San Ram\u00f3n. Aqu\u00ed obtendr\u00e1 informaci\u00f3n adicional sobre c\u00f3mo funciona el programa. Los candidatos tambi\u00e9n participar\u00e1n en una evaluaci\u00f3n pr\u00e1ctica de habilidades y una entrevista oral. Los que reciben una puntuaci\u00f3n de aprobaci\u00f3n se colocan en una lista clasificada de acuerdo a su puntuaci\u00f3n. Usted puede permanecer en la lista por un m\u00e1ximo de dos a\u00f1os. Su tiempo en la lista puede variar dependiendo de cu\u00e1n grande sea la necesidad de aprendices adicionales.<\/li>\n<li>\n<h3>\u00bfQu\u00e9 tipo de trabajo har\u00e9 como Aprendiz?<\/h3>\n<p>Los obreros realizan m\u00e1s de cien tipos diferentes de trabajo. Los tipos de trabajo incluyen la colocaci\u00f3n de concreto, la colocaci\u00f3n de asfalto, la realizaci\u00f3n de trabajos subterr\u00e1neos tales como la construcci\u00f3n de drenajes pluviales y la instalaci\u00f3n de tuber\u00edas de agua, y ayudar a construir estructuras tales como escuelas, puentes y parques. Los trabajadores tambi\u00e9n realizan trabajos tales como se\u00f1alizaci\u00f3n y control de tr\u00e1fico.<\/li>\n<li>\n<h3>\u00bfCu\u00e1nto dinero har\u00e9 como aprendiz?<\/h3>\n<p>Lo m\u00e1s probable es que comience como un aprendiz de paso 1 y ganar entre $ 18.23 y $ 18.88 por hora, dependiendo de donde usted trabaja. Cada 1.000 horas que trabajes obtendr\u00e1s un aumento siempre que sigas las reglas del programa de aprendizaje y recibas buenas calificaciones de tu (s) empleador (es). Despu\u00e9s de trabajar 4.000 horas y completar seis semanas de escuela, se graduar\u00e1 del programa de aprendizaje.<\/li>\n<li>\n<h3>\u00bfCu\u00e1nto cuesta ser un aprendiz?<\/h3>\n<p>Cuesta 479 d\u00f3lares para unirse. Esto cubre su cuota de iniciaci\u00f3n sindical ($ 350) y tres meses de cuotas.<\/li>\n<li>\n<h3>\u00bfQu\u00e9 pasa si tengo experiencia previa en la construcci\u00f3n?<\/h3>\n<p>Un comit\u00e9 lo evaluar\u00e1 y puede darle cr\u00e9dito por parte o todo lo que puede permitirle comenzar en el nivel dos o tres. Esto puede potencialmente acortar su tiempo en el programa.<\/li>\n<li>\n<h3>\u00bfQu\u00e9 pasa si conozco a un contratista que quiere contratarme como aprendiz?<\/h3>\n<p>Lo llamamos \u00abpatrocinio\u00bb y se permite en cualquier \u00e9poca del a\u00f1o. El contratista debe ser firmante de la Uni\u00f3n de Trabajadores. Si conoce a un contratista que lo patrocinar\u00e1, el contratista debe ponerse en contacto con el programa de aprendizaje para que podamos matricularlo.<\/li>\n<li>\n<h3>\u00bfTendr\u00e9 que tomar clases mientras sea aprendiz?<\/h3>\n<p>S\u00ed. Adem\u00e1s de su OJT, usted tambi\u00e9n tomar\u00e1 clases por hasta seis semanas. Las clases suelen celebrarse en nuestro centro de capacitaci\u00f3n en San Ram\u00f3n, pero algunos cursos se ofrecen en las oficinas sindicales locales en todo el norte de California. El centro de formaci\u00f3n en San Ram\u00f3n tambi\u00e9n ofrece habitaciones en el lugar para aquellos con largos trayectos. No hay costo para pasar la noche.<\/li>\n<li>\n<h3>Una vez que me haya convertido en aprendiz, \u00bfc\u00f3mo conseguir\u00e9 un empleo?<\/h3>\n<p>Cuando se inscribe en el programa de aprendizaje, tambi\u00e9n se unir\u00e1 al Sindicato de Trabajadores. Los contratistas afiliados al Sindicato de Trabajadores llamar\u00e1n al sindicato para pedir aprendices cuando los necesiten. Se eligen en orden num\u00e9rico de una lista. Cuando sea su turno de ser llamado, usted ser\u00e1 enviado (enviado) a uno de estos contratistas. Una vez que el contratista haya terminado el proyecto o no lo necesite m\u00e1s, volver\u00e1 al sindicato y volver\u00e1 a la lista para ser enviado nuevamente.<\/li>\n<li>\n<h3>\u00bfMe puedes garantizar que conseguir\u00e9 un trabajo una vez que sea aprendiz?<\/h3>\n<p>En la industria de la construcci\u00f3n no hay garant\u00edas. Las oportunidades de empleo pueden variar debido a las condiciones econ\u00f3micas y el clima.<\/li>\n<li>\n<h3>\u00bfQu\u00e9 es un programa de pre-aprendizaje?<\/h3>\n<p>Los programas de pre-aprendizaje sirven como una forma de preparar a los individuos para los programas de aprendizaje. Ofrecen capacitaci\u00f3n en habilidades para la vida, trabajo en equipo y construcci\u00f3n. Tienen una duraci\u00f3n de 12 semanas a seis meses y se pueden encontrar en todo el norte de California. Pueden proporcionar una base valiosa para alguien que quiera unirse a un programa de aprendizaje. Debido a esto, a los graduados de los programas de pre-aprendizaje se les da prioridad sobre aquellos que no han completado<\/li>\n<li>\n<h3>\u00bfD\u00f3nde puedo obtener m\u00e1s informaci\u00f3n?<\/h3>\n<p>Nuestro sitio web es www.norcaltc.org. Una vez all\u00ed, vaya a \u00abConvi\u00e9rtase en Aprendiz\u00bb. Habr\u00e1 informaci\u00f3n adicional incluyendo una lista de reconocidos programas de pre-aprendizaje con su informaci\u00f3n de contacto.<\/li>\n<li>\n<h3>Application Documents<\/h3>\n<p><a href=\"https:\/\/www.norcaltc.org\/wp-content\/uploads\/2020\/10\/6.29.20-CCL-RATES.pdf\" target=\"_blank\" rel=\"noopener noreferrer\">Apprentice Wage &amp; Fringe Benefit Rates<\/a><br \/>\n<a href=\"https:\/\/www.norcaltc.org\/wp-content\/uploads\/2020\/10\/CCL-Apprenticeship-Policy-June-2018-ID-87935-ID-276477-002.pdf\" target=\"_blank\" rel=\"noopener noreferrer\">Apprenticeship Agreement and Policy Statement<\/a><br \/>\n<a href=\"https:\/\/www.norcaltc.org\/wp-content\/uploads\/2020\/10\/CreditForPreviousExperience.pdf\" target=\"_blank\" rel=\"noopener noreferrer\">Credit for Previous Experience and \/ or Training<\/a><br \/>\n<a href=\"https:\/\/www.norcaltc.org\/wp-content\/uploads\/2020\/10\/NorthernCaliforniaLaborersTrainingCenterSubstanceAbuseTestingPolicy.pdf\" target=\"_blank\" rel=\"noopener noreferrer\">Northern California Laborers&#8217; Training Center Substance Abuse Testing Policy<\/a><\/li>\n<\/ol>\n<\/div><div class=\"fusion-clearfix\"><\/div><\/div><\/div><\/div><\/div><\/p>","protected":false},"excerpt":{"rendered":"","protected":false},"author":1,"featured_media":0,"parent":0,"menu_order":0,"comment_status":"closed","ping_status":"closed","template":"","meta":{"footnotes":""},"class_list":["post-2712","page","type-page","status-publish","hentry"],"_links":{"self":[{"href":"https:\/\/www.norcaltc.org\/es\/wp-json\/wp\/v2\/pages\/2712","targetHints":{"allow":["GET"]}}],"collection":[{"href":"https:\/\/www.norcaltc.org\/es\/wp-json\/wp\/v2\/pages"}],"about":[{"href":"https:\/\/www.norcaltc.org\/es\/wp-json\/wp\/v2\/types\/page"}],"author":[{"embeddable":true,"href":"https:\/\/www.norcaltc.org\/es\/wp-json\/wp\/v2\/users\/1"}],"replies":[{"embeddable":true,"href":"https:\/\/www.norcaltc.org\/es\/wp-json\/wp\/v2\/comments?post=2712"}],"version-history":[{"count":22,"href":"https:\/\/www.norcaltc.org\/es\/wp-json\/wp\/v2\/pages\/2712\/revisions"}],"predecessor-version":[{"id":3382,"href":"https:\/\/www.norcaltc.org\/es\/wp-json\/wp\/v2\/pages\/2712\/revisions\/3382"}],"wp:attachment":[{"href":"https:\/\/www.norcaltc.org\/es\/wp-json\/wp\/v2\/media?parent=2712"}],"curies":[{"name":"wp","href":"https:\/\/api.w.org\/{rel}","templated":true}]}}