{"id":2838,"date":"2017-03-31T16:27:43","date_gmt":"2017-03-31T16:27:43","guid":{"rendered":"http:\/\/norcaltc.org\/?page_id=2838"},"modified":"2021-10-12T16:14:19","modified_gmt":"2021-10-12T16:14:19","slug":"map","status":"publish","type":"page","link":"https:\/\/www.norcaltc.org\/es\/map\/","title":{"rendered":"Mapa"},"content":{"rendered":"<p><div class=\"fusion-fullwidth fullwidth-box fusion-builder-row-2 nonhundred-percent-fullwidth non-hundred-percent-height-scrolling\" style=\"--awb-border-radius-top-left:0px;--awb-border-radius-top-right:0px;--awb-border-radius-bottom-right:0px;--awb-border-radius-bottom-left:0px;--awb-padding-top:0px;--awb-padding-right:0px;--awb-padding-bottom:0px;--awb-padding-left:0px;--awb-margin-top:0px;--awb-margin-bottom:0px;--awb-flex-wrap:wrap;\" ><div class=\"fusion-builder-row fusion-row\"><div class=\"fusion-layout-column fusion_builder_column fusion-builder-column-1 fusion_builder_column_1_1 1_1 fusion-one-full fusion-column-first fusion-column-last\" style=\"--awb-bg-size:cover;\"><div class=\"fusion-column-wrapper fusion-flex-column-wrapper-legacy\"><div class=\"fusion-text fusion-text-2\"><h3 id=\"tw-target-text\" class=\"tw-data-text tw-ta tw-text-medium\" dir=\"ltr\" data-placeholder=\"Translation\"><span lang=\"es\">Salas de Contrataci\u00f3n Local<\/span><\/h3>\n<p id=\"tw-target-text\" class=\"tw-data-text tw-ta tw-text-small\" dir=\"ltr\" data-placeholder=\"Translation\"><span lang=\"es\">Mueva el cursor sobre el mapa y haga clic en un condado para obtener m\u00e1s informaci\u00f3n sobre el sindicato local en su \u00e1rea.<\/span><\/p>\n<\/div><SCRIPT LANGUAGE=\"JavaScript\">\n<!-- Begin\nloadImage1 = new Image();\nloadImage1.src = \"https:\/\/norcaltc.org\/wp-content\/uploads\/2017\/03\/local73.png\";\nloadImage2 = new Image();\nloadImage2.src = \"https:\/\/norcaltc.org\/wp-content\/uploads\/2017\/03\/local185.png\";\nloadImage3 = new Image();\nloadImage3.src = \"https:\/\/norcaltc.org\/wp-content\/uploads\/2017\/03\/local261.png\";\nloadImage4 = new Image();\nloadImage4.src = \"https:\/\/norcaltc.org\/wp-content\/uploads\/2017\/03\/local270.png\";\nloadImage5 = new Image();\nloadImage5.src = \"https:\/\/norcaltc.org\/wp-content\/uploads\/2017\/03\/local294.png\";\nloadImage6 = new Image();\nloadImage6.src = \"https:\/\/norcaltc.org\/wp-content\/uploads\/2017\/03\/local304.png\";\nloadImage7 = new Image();\nloadImage7.src = \"https:\/\/norcaltc.org\/wp-content\/uploads\/2017\/03\/local324.png\";\nloadImage8 = new Image();\nloadImage8.src = \"https:\/\/norcaltc.org\/wp-content\/uploads\/2017\/03\/local1130.png\";\nloadImage9 = new Image();\nloadImage9.src = \"https:\/\/norcaltc.org\/wp-content\/uploads\/2017\/03\/local67.png\"; \n\nstaticImage1 = new Image();\nstaticImage1.src = \"https:\/\/norcaltc.org\/wp-content\/uploads\/2017\/03\/state_map.png\";\n\n\/\/ End -->\n<\/script>\n<map name=\"statemap\" id=\"statemap\">\n<area onMouseOver=\"new function(){image1.src=loadImage7.src;document.getElementById('local324').style.fontWeight='bold'}\" onMouseOut=\"new function(){image1.src=staticImage1.src;document.getElementById('local324').style.fontWeight='normal'}\" shape=\"poly\" coords=\"87,12,56,10,53,23,60,44,55,64,56,74,39,109,43,117,40,125,54,137,65,154,68,167,66,177,66,189,71,202,69,211,79,222,112,218,103,202,106,191,103,181,106,174,112,172,113,161,109,153,113,148,113,143,81,142,85,90,80,81,88,81,91,74,91,71,92,66,91,63,89,60,88,53,81,51,81,42,78,38,81,32,79,29,87,13\" href=\"https:\/\/norcaltc.org\/laborers-local-union-no-324\" alt=\"local324.html\" \/>\n<area onMouseOver=\"new function(){image1.src=loadImage2.src;document.getElementById('local185').style.fontWeight='bold'}\" onMouseOut=\"new function(){image1.src=staticImage1.src;document.getElementById('local185').style.fontWeight='normal'}\" shape=\"poly\" coords=\"261,16,260,162,252,165,254,152,249,146,249,138,242,136,232,128,223,125,216,131,206,127,207,116,185,115,186,120,192,125,190,130,187,132,187,136,181,137,177,141,178,143,173,146,172,151,157,151,159,158,113,156,113,152,114,145,84,141,87,94,83,83,94,68,91,53,82,49,82,37,84,29,88,12\" href=\"https:\/\/norcaltc.org\/laborers-local-union-no-185\" alt=\"local185.html\" \/>\n<area onMouseOver=\"new function(){image1.src=loadImage7.src;document.getElementById('local324').style.fontWeight='bold'}\" onMouseOut=\"new function(){image1.src=staticImage1.src;document.getElementById('local324').style.fontWeight='normal'}\" shape=\"poly\" coords=\"161,272,160,283,149,283,141,274,132,268,132,261,126,257,125,251,133,245,127,235,129,227,138,227,144,223,143,241,146,248,156,250,155,259,161,264\" href=\"https:\/\/norcaltc.org\/laborers-local-union-no-324\" alt=\"local324.html\" \/>\n<area onMouseOver=\"new function(){image1.src=loadImage2.src;document.getElementById('local185').style.fontWeight='bold'}\" onMouseOut=\"new function(){image1.src=staticImage1.src;document.getElementById('local185').style.fontWeight='normal'}\" shape=\"poly\" coords=\"283,217,282,263,304,282,302,289,307,296,303,308,299,303,290,306,280,301,277,298,263,299,251,304,234,315,230,309,217,313,209,312,200,324,192,328,187,324,202,313,200,308,195,308,194,293,185,293,181,296,175,293,164,273,164,266,158,258,157,250,150,249,144,244,146,224,137,225,136,211,177,211,180,205,195,205,197,200,201,199,205,191,210,191,211,186,215,185,217,176,209,175,209,170,229,169,229,182,237,186,245,178,265,191,270,191,277,203,275,217\" href=\"https:\/\/norcaltc.org\/laborers-local-union-no-l185\" alt=\"local185.html\" \/>\n<area onMouseOver=\"new function(){image1.src=loadImage1.src;document.getElementById('local73').style.fontWeight='bold'}\" onMouseOut=\"new function(){image1.src=staticImage1.src;document.getElementById('local73').style.fontWeight='normal'}\" shape=\"poly\" coords=\"229,312,211,315,201,327,202,357,206,361,229,345,236,347,236,325,248,340,274,305,279,303,275,301,253,305,241,315,236,317\" href=\"https:\/\/norcaltc.org\/laborers-local-union-no-73\" \/>\n<area shape=\"poly\" coords=\"113,323\" href=\"#\" \/>\n<area onMouseOver=\"new function(){image1.src=loadImage7.src;document.getElementById('local324').style.fontWeight='bold'}\" onMouseOut=\"new function(){image1.src=staticImage1.src;document.getElementById('local324').style.fontWeight='normal'}\" shape=\"poly\" coords=\"113,323,108,332,98,334,89,325,87,321,54,325,68,344,74,354,82,356,98,365,103,370,109,367,115,374,108,380,114,386,126,392,129,396,150,391,149,373,139,374,149,365,148,358,144,357,144,345,126,346,121,335\" href=\"https:\/\/norcaltc.org\/laborers-local-union-no-324\" \/>\n<area onMouseOver=\"new function(){image1.src=loadImage3.src;document.getElementById('local261').style.fontWeight='bold'}\" onMouseOut=\"new function(){image1.src=staticImage1.src;document.getElementById('local261').style.fontWeight='normal'}\" shape=\"poly\" coords=\"74,356,103,372,105,381,107,389,111,393,109,401,121,412,117,418,121,429,110,432,103,426,104,414,100,409,101,393,95,385,90,384,82,374,78,378,75,375,78,366\" href=\"https:\/\/norcaltc.org\/laborers-local-union-no-261\" \/>\n<area onMouseOver=\"new function(){image1.src=loadImage6.src;document.getElementById('local304').style.fontWeight='bold'}\" onMouseOut=\"new function(){image1.src=staticImage1.src;document.getElementById('local304').style.fontWeight='normal'}\" shape=\"poly\" coords=\"150,393,149,409,152,412,124,415,120,408,117,401,114,397,112,396,112,386,126,397\" href=\"https:\/\/norcaltc.org\/laborers-local-union-no-304\" \/>\n<area onMouseOver=\"new function(){image1.src=loadImage4.src;document.getElementById('local270').style.fontWeight='bold'}\" onMouseOut=\"new function(){image1.src=staticImage1.src;document.getElementById('local270').style.fontWeight='normal'}\" shape=\"poly\" coords=\"154,414,158,423,154,427,159,434,164,434,166,447,154,447,149,451,141,449,137,454,130,446,121,447,110,435,125,429,121,420,122,416,127,417\" href=\"https:\/\/norcaltc.org\/laborers-local-union-no-270\" \/>\n<area onMouseOver=\"new function(){image1.src=loadImage4.src;document.getElementById('local270').style.fontWeight='bold'}\" onMouseOut=\"new function(){image1.src=staticImage1.src;document.getElementById('local270').style.fontWeight='normal'}\" shape=\"poly\" coords=\"241,438,247,446,276,470,276,480,269,481,273,487,271,490,293,508,293,514,234,514,233,509,229,509,228,499,225,498,220,489,207,480,204,459,211,453,212,445,218,440,222,444,229,438\" href=\"https:\/\/norcaltc.org\/laborers-local-union-no-270\" \/>\n<area onMouseOver=\"new function(){image1.src=loadImage8.src;document.getElementById('local1130').style.fontWeight='bold'}\" onMouseOut=\"new function(){image1.src=staticImage1.src;document.getElementById('local1130').style.fontWeight='normal'}\" shape=\"poly\" coords=\"259,366,259,387,250,388,231,403,232,410,233,416,231,418,234,426,243,426,242,439,258,454,279,433,294,427,304,425,320,410,325,411,328,406,328,402,341,389,348,389,349,380,342,376,344,369,327,358,322,345,314,349,309,345,300,347,275,381\" href=\"https:\/\/norcaltc.org\/laborers-local-union-no-1130\" \/>\n<area onMouseOver=\"new function(){image1.src=loadImage5.src;document.getElementById('local294').style.fontWeight='bold'}\" onMouseOut=\"new function(){image1.src=staticImage1.src;document.getElementById('local294').style.fontWeight='normal'}\" shape=\"poly\" coords=\"351,389,359,398,369,404,373,416,379,428,389,431,394,444,393,453,406,474,414,504,412,514,296,514,296,508,275,492,274,484,279,471,261,452,284,432,303,427,320,412,330,409,341,390\" href=\"https:\/\/norcaltc.org\/laborers-local-union-no-294\" \/>\n<\/map>\n\n\n\n<table border=\"0\" align=\"center\" cellpadding=\"0\" cellspacing=\"0\" dwcopytype=\"CopyTableColumn\">\n<tr>\n<td width=\"836\" align=\"left\" valign=\"top\" class=\"contentholder\"><table width=\"780\" border=\"0\" cellpadding=\"0\" cellspacing=\"0\">\n<tr>\n<td width=\"20\">\u00a0<\/td>\n<td width=\"760\" valign=\"top\"><div style=\"float: left; width:337px;\">\n<div class=\"text1\">\n<p><a href=\"https:\/\/norcaltc.org\/laborers-local-union-no-73\" class=\"map-link\" id=\"local73\" onMouseOver=\"image1.src=loadImage1.src;this.style.fontWeight='bold'\" onMouseOut=\"image1.src=staticImage1.src;this.style.fontWeight='normal'\">Laborers' Local Union No. 73<\/a><br \/>\n<a href=\"https:\/\/norcaltc.org\/laborers-local-union-no-185\" class=\"map-link\" id=\"local185\" onMouseOver=\"image1.src=loadImage2.src;this.style.fontWeight='bold'\" onMouseOut=\"image1.src=staticImage1.src;this.style.fontWeight='normal'\">Laborers' Local Union No. 185<\/a><br \/>\n<a href=\"https:\/\/norcaltc.org\/laborers-local-union-no-261\" class=\"map-link\" id=\"local261\" onMouseOver=\"image1.src=loadImage3.src;this.style.fontWeight='bold'\" onMouseOut=\"image1.src=staticImage1.src;this.style.fontWeight='normal'\">Laborers' Local Union No. 261<\/a><br \/>\n<a href=\"https:\/\/norcaltc.org\/laborers-local-union-no-270\" class=\"map-link\" id=\"local270\" onMouseOver=\"image1.src=loadImage4.src;this.style.fontWeight='bold'\" onMouseOut=\"image1.src=staticImage1.src;this.style.fontWeight='normal'\">Laborers' Local Union No. 270<\/a><br \/>\n<a href=\"https:\/\/norcaltc.org\/laborers-local-union-no-294\" class=\"map-link\" id=\"local294\" onMouseOver=\"image1.src=loadImage5.src;this.style.fontWeight='bold'\" onMouseOut=\"image1.src=staticImage1.src;this.style.fontWeight='normal'\">Laborers' Local Union No. 294<\/a><br \/>\n<a href=\"https:\/\/norcaltc.org\/laborers-local-union-no-304\" class=\"map-link\" id=\"local304\" onMouseOver=\"image1.src=loadImage6.src;this.style.fontWeight='bold'\" onMouseOut=\"image1.src=staticImage1.src;this.style.fontWeight='normal'\">Laborers' Local Union No. 304<\/a><br \/>\n<a href=\"https:\/\/norcaltc.org\/laborers-local-union-no-324\" class=\"map-link\" id=\"local324\" onMouseOver=\"image1.src=loadImage7.src;this.style.fontWeight='bold'\" onMouseOut=\"image1.src=staticImage1.src;this.style.fontWeight='normal'\">Laborers' Local Union No. 324<\/a><br \/>\n<a href=\"https:\/\/norcaltc.org\/laborers-local-union-no-1130\" class=\"map-link\" id=\"local1130\" onMouseOver=\"image1.src=loadImage8.src;this.style.fontWeight='bold'\" onMouseOut=\"image1.src=staticImage1.src;this.style.fontWeight='normal'\">Laborers' Local Union No. 1130<\/a><\/p>\n<p><strong>Specialty Local Unions<\/strong><\/p>\n<p><a href=\"https:\/\/norcaltc.org\/laborers-local-union-no-67\" class=\"map-link\" onMouseOver=\"image1.src=loadImage9.src;this.style.fontWeight='bold'\" onMouseOut=\"image1.src=staticImage1.src;this.style.fontWeight='normal'\">Laborers' Local Union No. 67<\/a><br \/>\n<\/p>\n<p><br \/>\nSeleccione un local de la lista <br \/>\nO un condado en el mapa para informaci\u00f3n<\/p>\n<\/div>\n<\/div>\n<div style=\"float: left; width: 423px;\">\n<div><img decoding=\"async\" src=\"https:\/\/norcaltc.org\/wp-content\/uploads\/2017\/03\/state_map.png\" name=\"image1\" width=\"423\" height=\"525\" border=\"0\" usemap=\"#statemap\" \/><\/div>\n<\/div>\n<div style=\"clear: both;\"><\/div>\n<div><\/div><\/td>\n<\/tr>\n<\/table><\/td>\n<\/tr>\n<\/table><div class=\"fusion-clearfix\"><\/div><\/div><\/div><\/div><\/div><\/p>","protected":false},"excerpt":{"rendered":"","protected":false},"author":1,"featured_media":0,"parent":0,"menu_order":0,"comment_status":"closed","ping_status":"closed","template":"","meta":{"footnotes":""},"class_list":["post-2838","page","type-page","status-publish","hentry"],"_links":{"self":[{"href":"https:\/\/www.norcaltc.org\/es\/wp-json\/wp\/v2\/pages\/2838","targetHints":{"allow":["GET"]}}],"collection":[{"href":"https:\/\/www.norcaltc.org\/es\/wp-json\/wp\/v2\/pages"}],"about":[{"href":"https:\/\/www.norcaltc.org\/es\/wp-json\/wp\/v2\/types\/page"}],"author":[{"embeddable":true,"href":"https:\/\/www.norcaltc.org\/es\/wp-json\/wp\/v2\/users\/1"}],"replies":[{"embeddable":true,"href":"https:\/\/www.norcaltc.org\/es\/wp-json\/wp\/v2\/comments?post=2838"}],"version-history":[{"count":29,"href":"https:\/\/www.norcaltc.org\/es\/wp-json\/wp\/v2\/pages\/2838\/revisions"}],"predecessor-version":[{"id":3378,"href":"https:\/\/www.norcaltc.org\/es\/wp-json\/wp\/v2\/pages\/2838\/revisions\/3378"}],"wp:attachment":[{"href":"https:\/\/www.norcaltc.org\/es\/wp-json\/wp\/v2\/media?parent=2838"}],"curies":[{"name":"wp","href":"https:\/\/api.w.org\/{rel}","templated":true}]}}