{"id":29,"date":"2014-10-20T12:48:29","date_gmt":"2014-10-20T12:48:29","guid":{"rendered":"http:\/\/demo.proteusthemes.com\/buildpress\/?page_id=29"},"modified":"2021-10-12T15:46:18","modified_gmt":"2021-10-12T15:46:18","slug":"contact-us","status":"publish","type":"page","link":"https:\/\/www.norcaltc.org\/es\/contact-us\/","title":{"rendered":"Cont\u00e1ctenosCont\u00e1ctenos"},"content":{"rendered":"<p><\/p>\n<h2 class=\"widget-title\">Direcci\u00f3n De Correo<img decoding=\"async\" class=\"alignright wp-image-2923\" src=\"https:\/\/www.norcaltc.org\/wp-content\/uploads\/2014\/10\/PIC-105-ID-186173-300x225.jpg\" alt=\"\" width=\"450\" height=\"338\" srcset=\"https:\/\/www.norcaltc.org\/wp-content\/uploads\/2014\/10\/PIC-105-ID-186173-200x150.jpg 200w, https:\/\/www.norcaltc.org\/wp-content\/uploads\/2014\/10\/PIC-105-ID-186173-300x225.jpg 300w, https:\/\/www.norcaltc.org\/wp-content\/uploads\/2014\/10\/PIC-105-ID-186173-400x300.jpg 400w, https:\/\/www.norcaltc.org\/wp-content\/uploads\/2014\/10\/PIC-105-ID-186173-600x450.jpg 600w, https:\/\/www.norcaltc.org\/wp-content\/uploads\/2014\/10\/PIC-105-ID-186173-768x576.jpg 768w, https:\/\/www.norcaltc.org\/wp-content\/uploads\/2014\/10\/PIC-105-ID-186173-800x600.jpg 800w, https:\/\/www.norcaltc.org\/wp-content\/uploads\/2014\/10\/PIC-105-ID-186173-1024x768.jpg 1024w, https:\/\/www.norcaltc.org\/wp-content\/uploads\/2014\/10\/PIC-105-ID-186173-1200x900.jpg 1200w, https:\/\/www.norcaltc.org\/wp-content\/uploads\/2014\/10\/PIC-105-ID-186173-1536x1152.jpg 1536w, https:\/\/www.norcaltc.org\/wp-content\/uploads\/2014\/10\/PIC-105-ID-186173.jpg 1600w\" sizes=\"(max-width: 450px) 100vw, 450px\" \/><\/h2>\n<p><strong>Laborers Training and Retraining Trust Fund for Northern California<\/strong><br \/>\n1001 Westside Drive &nbsp;\u2022 &nbsp;&nbsp;San Ramon, CA 94583-4098<\/p>\n<h2 class=\"widget-title\">Ubicaci\u00f3n F\u00edsica:<\/h2>\n<p><strong>Campus principal \u2013 San Ramon<\/strong><br \/>\n1001 Westside Drive, San Ramon (ver mapa de direcciones de conducci\u00f3n y transporte p\u00fablico)<\/p>\n<p>Campus principal del Centro de Formaci\u00f3n se encuentra en las colinas al oeste de la ciudad de San Ram\u00f3n, al norte de la intersecci\u00f3n de las autopistas interestatales 680 y 580. Por favor, ver el mapa y las direcciones (abajo) a nuestras instalaciones:<\/p>\n<p><strong>C\u00f3mo llegar:<\/strong> Campus principal \u2013San Ramon<\/p>\n<ul>\n<li>Tome la salida ALCOSTA Boulevard West autopista Interestatal 680 .<\/li>\n<li>Despu\u00e9s de cruzar la intersecci\u00f3n en San Ramon Valley Boulevard, las carreteras cambios a Westside Drive .<\/li>\n<li>Mant\u00e9ngase en el carril de marcha recta y mirar a su izquierda el cartel grande y puerta que conduce al Centro de Entrenamiento .<\/li>\n<li>Proceder a la colina a Edificio de Administraci\u00f3n ( a la izquierda) .<\/li>\n<\/ul>\n<p><strong> en transporte p\u00fablico <\/strong> &#8211; San Ram\u00f3n<\/p>\n<ul>\n<li>Limited servicio de transporte p\u00fablico est\u00e1 a disposici\u00f3n del Centro de Capacitaci\u00f3n en San Ram\u00f3n.<\/li>\n<li>La estaci\u00f3n Dublin \/ Pleasanton de BART opera el \u00abN\u00famero 121 \u00bb autob\u00fas a San Ramon Valley Boulevard, con paradas cerca del Centro de Capacitaci\u00f3n .<\/li>\n<li>Rutas de transporte p\u00fablico y los horarios cambian con frecuencia, por lo que se recomienda encarecidamente ponerse en contacto con los proveedores de tr\u00e1nsito para la informaci\u00f3n m\u00e1s reciente .<\/li>\n<li>\u00c1rea de la Bah\u00eda de informaci\u00f3n de tr\u00e1nsito est\u00e1 disponible llamando al (510) 464-7787 , o visitando la siguiente direcci\u00f3n web: www.transitinfo.org .<\/li>\n<\/ul>\n<h2 class=\"widget-title\">Tel\u00e9fono:<\/h2>\n<p><strong>Capacitaci\u00f3n y Aprendizaje<\/strong><br \/>\n<strong>(925) 828-2513<\/strong><\/p>\n<h2 class=\"widget-title\">E-mail:<\/h2>\n<p><strong>Operaciones de Capacitaci\u00f3n<\/strong> <a href=\"mailto:training@norcaltc.org\" target=\"_blank\" rel=\"noopener noreferrer\">training@norcaltc.org<\/a><br \/>\n<strong>Programa de Aprendizaje<\/strong> <a href=\"mailto:apprenticeship@norcaltc.org\" target=\"_blank\" rel=\"noopener noreferrer\">apprenticeship@norcaltc.org<\/a> Las horas de oficina para el campus es de lunes a viernes de 6 am a 4 pm, pero puede variar , basado en los cursos de formaci\u00f3n reales programadas para un d\u00eda determinado. <strong>Nota importante para los estudiantes del Centro de Formaci\u00f3n:<\/strong> Tr\u00e1fico en el campus es impredecible ya menudo congestionado . Por favor, deje un mont\u00f3n de tiempo extra de viaje . La inscripci\u00f3n se cierra a las 7 AM &#8211; nadie ser\u00e1 admitido despu\u00e9s de las 7 PM. Si va a visitar las instalaciones del Centro de Formaci\u00f3n , por favor llame con anticipaci\u00f3n para asegurarse de que un miembro de nuestro personal de capacitaci\u00f3n estar\u00e1 disponible para cumplir con usted cuando usted visita.<\/p>\n<p><b>Norcal Training Center<\/b><br \/>\n1001 Westside Drive<br \/>\nSan Ramon, CA 94583-4098<\/p>\n<p><strong>(925) 828-2513<\/strong><br \/>\n<strong>(925) 828-6142<\/strong><br \/>\n<a href=\"mailto:info@norcaltc.org\">info@norcaltc.org<\/a><\/p>\n<p><b>Lun &#8211; Vie 06 a.m. &#8211; 4:00 p.m.<br \/>\nS\u00e1bado &#8211; Domingo CERRADO<\/b><\/p>\n<p>\n<div class=\"wpcf7 no-js\" id=\"wpcf7-f5-o2\" lang=\"en-US\" dir=\"ltr\" data-wpcf7-id=\"5\">\n<div class=\"screen-reader-response\"><p role=\"status\" aria-live=\"polite\" aria-atomic=\"true\"><\/p> <ul><\/ul><\/div>\n<form action=\"\/es\/wp-json\/wp\/v2\/pages\/29#wpcf7-f5-o2\" method=\"post\" class=\"wpcf7-form init\" aria-label=\"Contact form\" novalidate=\"novalidate\" data-status=\"init\">\n<fieldset class=\"hidden-fields-container\"><input type=\"hidden\" name=\"_wpcf7\" value=\"5\" \/><input type=\"hidden\" name=\"_wpcf7_version\" value=\"6.1.5\" \/><input type=\"hidden\" name=\"_wpcf7_locale\" value=\"en_US\" \/><input type=\"hidden\" name=\"_wpcf7_unit_tag\" value=\"wpcf7-f5-o2\" \/><input type=\"hidden\" name=\"_wpcf7_container_post\" value=\"0\" \/><input type=\"hidden\" name=\"_wpcf7_posted_data_hash\" value=\"\" \/>\n<\/fieldset>\n<fieldset>\n\t<legend>Event\n\t<\/legend>\n\t<ol>\n\t\t<li>\n\t\t\t<p>Name <span class=\"wpcf7-form-control-wrap\" data-name=\"text-789\"><input size=\"40\" maxlength=\"400\" class=\"wpcf7-form-control wpcf7-text wpcf7-validates-as-required\" aria-required=\"true\" aria-invalid=\"false\" value=\"\" type=\"text\" name=\"text-789\" \/><\/span>\n\t\t\t<\/p>\n\t\t<\/li>\n\t\t<li>\n\t\t\t<p>Phone Number <span class=\"wpcf7-form-control-wrap\" data-name=\"tel-133\"><input size=\"40\" maxlength=\"400\" class=\"wpcf7-form-control wpcf7-tel wpcf7-text wpcf7-validates-as-tel\" aria-invalid=\"false\" value=\"\" type=\"tel\" name=\"tel-133\" \/><\/span>\n\t\t\t<\/p>\n\t\t<\/li>\n\t\t<li>\n\t\t\t<p>Email <span class=\"wpcf7-form-control-wrap\" data-name=\"email-795\"><input size=\"40\" maxlength=\"400\" class=\"wpcf7-form-control wpcf7-email wpcf7-validates-as-required wpcf7-text wpcf7-validates-as-email\" aria-required=\"true\" aria-invalid=\"false\" value=\"\" type=\"email\" name=\"email-795\" \/><\/span>\n\t\t\t<\/p>\n\t\t<\/li>\n\t\t<li>\n\t\t\t<p>Which workshops will you be attending? <span class=\"wpcf7-form-control-wrap\" data-name=\"checkbox-414\"><span class=\"wpcf7-form-control wpcf7-checkbox\"><span class=\"wpcf7-list-item first\"><input type=\"checkbox\" name=\"checkbox-414[]\" value=\"Option 1\" \/><span class=\"wpcf7-list-item-label\">Option 1<\/span><\/span><span class=\"wpcf7-list-item\"><input type=\"checkbox\" name=\"checkbox-414[]\" value=\"Option 2\" \/><span class=\"wpcf7-list-item-label\">Option 2<\/span><\/span><span class=\"wpcf7-list-item last\"><input type=\"checkbox\" name=\"checkbox-414[]\" value=\"Option 3\" \/><span class=\"wpcf7-list-item-label\">Option 3<\/span><\/span><\/span><\/span>\n\t\t\t<\/p>\n\t\t<\/li>\n\t\t<li>\n\t\t\t<p>Are you an existing customer? <span class=\"wpcf7-form-control-wrap\" data-name=\"radio-820\"><span class=\"wpcf7-form-control wpcf7-radio\"><span class=\"wpcf7-list-item first\"><input type=\"radio\" name=\"radio-820\" value=\"Yes\" checked=\"checked\" \/><span class=\"wpcf7-list-item-label\">Yes<\/span><\/span><span class=\"wpcf7-list-item last\"><input type=\"radio\" name=\"radio-820\" value=\"No\" \/><span class=\"wpcf7-list-item-label\">No<\/span><\/span><\/span><\/span>\n\t\t\t<\/p>\n\t\t<\/li>\n\t\t<li>\n\t\t\t<p>How did find out about this event? <span class=\"wpcf7-form-control-wrap\" data-name=\"select-733\"><select class=\"wpcf7-form-control wpcf7-select\" aria-invalid=\"false\" name=\"select-733\"><option value=\"Option 1\">Option 1<\/option><option value=\"Option 2\">Option 2<\/option><option value=\"Option 3\">Option 3<\/option><\/select><\/span>\n\t\t\t<\/p>\n\t\t<\/li>\n\t\t<li>\n\t\t\t<p>Comments or Questions <span class=\"wpcf7-form-control-wrap\" data-name=\"textarea-918\"><textarea cols=\"40\" rows=\"10\" maxlength=\"2000\" class=\"wpcf7-form-control wpcf7-textarea\" aria-invalid=\"false\" name=\"textarea-918\"><\/textarea><\/span>\n\t\t\t<\/p>\n\t\t<\/li>\n\t<\/ol>\n\t<p><input class=\"wpcf7-form-control wpcf7-submit has-spinner\" type=\"submit\" value=\"Submit\" \/>\n\t<\/p>\n\t<p><br \/>\n* Required\n\t<\/p>\n<\/fieldset>\n<p><br \/>\nLorem ipsum dolor sit amet, consectetur adipiscing elit. Vestibulum tempus pharetra vehicula. Aliquam pellentesque mi non scelerisque placerat.\n<\/p><div class=\"fusion-alert alert custom alert-custom fusion-alert-center wpcf7-response-output fusion-alert-capitalize awb-alert-native-link-color alert-dismissable awb-alert-close-boxed\" style=\"--awb-border-size:1px;--awb-border-top-left-radius:0px;--awb-border-top-right-radius:0px;--awb-border-bottom-left-radius:0px;--awb-border-bottom-right-radius:0px;\" role=\"alert\"><div class=\"fusion-alert-content-wrapper\"><span class=\"fusion-alert-content\"><\/span><\/div><button type=\"button\" class=\"close toggle-alert\" data-dismiss=\"alert\" aria-label=\"Close\">&times;<\/button><\/div>\n<\/form>\n<\/div>\n<\/p>","protected":false},"excerpt":{"rendered":"<p>Direcci\u00f3n De Correo Laborers Training and Retraining Trust Fund for Northern California 1001 Westside Drive &nbsp;\u2022 &nbsp;&nbsp;San Ramon, CA 94583-4098 Ubicaci\u00f3n F\u00edsica: Campus principal \u2013 San Ramon 1001 Westside Drive, San Ramon (ver mapa de direcciones de conducci\u00f3n y transporte p\u00fablico) Campus principal del Centro de Formaci\u00f3n se encuentra en las colinas al oeste de  [&#8230;]<\/p>\n","protected":false},"author":1,"featured_media":0,"parent":0,"menu_order":0,"comment_status":"closed","ping_status":"closed","template":"","meta":{"footnotes":""},"class_list":["post-29","page","type-page","status-publish","hentry"],"_links":{"self":[{"href":"https:\/\/www.norcaltc.org\/es\/wp-json\/wp\/v2\/pages\/29","targetHints":{"allow":["GET"]}}],"collection":[{"href":"https:\/\/www.norcaltc.org\/es\/wp-json\/wp\/v2\/pages"}],"about":[{"href":"https:\/\/www.norcaltc.org\/es\/wp-json\/wp\/v2\/types\/page"}],"author":[{"embeddable":true,"href":"https:\/\/www.norcaltc.org\/es\/wp-json\/wp\/v2\/users\/1"}],"replies":[{"embeddable":true,"href":"https:\/\/www.norcaltc.org\/es\/wp-json\/wp\/v2\/comments?post=29"}],"version-history":[{"count":34,"href":"https:\/\/www.norcaltc.org\/es\/wp-json\/wp\/v2\/pages\/29\/revisions"}],"predecessor-version":[{"id":3365,"href":"https:\/\/www.norcaltc.org\/es\/wp-json\/wp\/v2\/pages\/29\/revisions\/3365"}],"wp:attachment":[{"href":"https:\/\/www.norcaltc.org\/es\/wp-json\/wp\/v2\/media?parent=29"}],"curies":[{"name":"wp","href":"https:\/\/api.w.org\/{rel}","templated":true}]}}