{"id":3023,"date":"2017-04-03T20:32:14","date_gmt":"2017-04-03T20:32:14","guid":{"rendered":"http:\/\/norcaltc.org\/?page_id=3023"},"modified":"2021-10-12T16:05:14","modified_gmt":"2021-10-12T16:05:14","slug":"training-center-rules","status":"publish","type":"page","link":"https:\/\/www.norcaltc.org\/es\/training-center-rules\/","title":{"rendered":"Reglas del centro de entrenamiento"},"content":{"rendered":"<p><\/p>\n<h2>Reglas del centro de entrenamiento<\/h2>\n<p>El Centro de Entrenamiento de Obreros \u00abTerence J. O&#8217;Sullivan\u00bb ha adoptado reglas de conducta dise\u00f1adas para asegurar un ambiente de aprendizaje seguro y agradable para todos los aprendices. Los alumnos que no cumplan con las reglas est\u00e1n sujetos a despido y se les puede prohibir asistir a futuras clases en el Centro de Capacitaci\u00f3n. A todos los alumnos se les entregar\u00e1 una copia de las reglas cuando se les solicite al momento de la inscripci\u00f3n y se les explicar\u00e1n las reglas durante la orientaci\u00f3n. Lo siguiente ser\u00e1 motivo de despido:<\/p>\n<ul>\n<li>Destrucci\u00f3n de propiedad o robo<\/li>\n<li>Tardanzas frecuentes<\/li>\n<li>Uso de tel\u00e9fonos celulares en clase<\/li>\n<li>Dormir en clase<\/li>\n<li>Ropa de trabajo inapropiada (tenis, pantalones cortos, pantalones holgados, camisetas sin mangas) Poner en peligro a los dem\u00e1s (incluidos otros aprendices, personal o invitados)<\/li>\n<li>Posesi\u00f3n de o bajo la influencia de licor o narc\u00f3ticos<\/li>\n<li>Posesi\u00f3n de armas de cualquier tipo. (Cuchillos, pistolas o pistolas de juguete)<\/li>\n<li>Creando una perturbaci\u00f3n<\/li>\n<li>Ausencia de clase<\/li>\n<li>Juego<\/li>\n<li>No seguir las instrucciones de los instructores o el personal del Centro de capacitaci\u00f3n<\/li>\n<li>Violaci\u00f3n de las reglas del Centro de Entrenamiento<\/li>\n<\/ul>\n<p>Las preguntas deben dirigirse a su Instructor u oficial de seguridad.<br \/>\nLTC se reserva el derecho de cambiar los horarios de clase, el plan de estudios del curso y los instructores en cualquier momento seg\u00fan lo ameriten las circunstancias.<br \/>\nNota importante: Durante el entrenamiento en LTC, los alumnos deben usar ropa de construcci\u00f3n aprobada: botas de trabajo, pantalones largos ajustados, camisa con mangas m\u00ednimas de 6 \u00ab, gafas de seguridad aprobadas por NIOSH, casco y cualquier equipo de protecci\u00f3n personal adicional cuando sea necesario.<\/p>\n<h2>Unidad de entrenamiento m\u00f3vil<\/h2>\n<p>Con el fin de hacer la capacitaci\u00f3n m\u00e1s conveniente para los miembros del sindicato y los contratistas firmantes, el Centro de Capacitaci\u00f3n de Obreros ahora est\u00e1 tomando reservas para su Unidad de Capacitaci\u00f3n M\u00f3vil. El aula port\u00e1til se puede llevar a las oficinas del Sindicato Local, sitios de construcci\u00f3n o en cualquier otro lugar donde se necesite capacitaci\u00f3n para los trabajadores de la construcci\u00f3n. La mayor\u00eda de las clases de capacitaci\u00f3n ofrecidas a trav\u00e9s de la Unidad de Capacitaci\u00f3n M\u00f3vil son clases de un d\u00eda (8 horas). El Centro de Capacitaci\u00f3n de Obreros proporciona el instructor (es), los materiales del curso y el equipo. Los certificados para los alumnos que completen con \u00e9xito una clase ofrecida a trav\u00e9s de la Unidad de capacitaci\u00f3n m\u00f3vil se les enviar\u00e1n por correo postal en un plazo de dos semanas. Los alumnos deben cumplir con las reglas del Centro de Capacitaci\u00f3n de Obreros cuando asisten a las clases de la Unidad de Entrenamiento M\u00f3vil. P\u00f3ngase en contacto con el Centro de Capacitaci\u00f3n de Obreros para conocer la disponibilidad de la Unidad de Capacitaci\u00f3n M\u00f3vil.<\/p>","protected":false},"excerpt":{"rendered":"<p>Reglas del centro de entrenamiento El Centro de Entrenamiento de Obreros \u00abTerence J. O&#8217;Sullivan\u00bb ha adoptado reglas de conducta dise\u00f1adas para asegurar un ambiente de aprendizaje seguro y agradable para todos los aprendices. Los alumnos que no cumplan con las reglas est\u00e1n sujetos a despido y se les puede prohibir asistir a futuras clases en  [&#8230;]<\/p>\n","protected":false},"author":1,"featured_media":0,"parent":0,"menu_order":0,"comment_status":"closed","ping_status":"closed","template":"","meta":{"footnotes":""},"class_list":["post-3023","page","type-page","status-publish","hentry"],"_links":{"self":[{"href":"https:\/\/www.norcaltc.org\/es\/wp-json\/wp\/v2\/pages\/3023","targetHints":{"allow":["GET"]}}],"collection":[{"href":"https:\/\/www.norcaltc.org\/es\/wp-json\/wp\/v2\/pages"}],"about":[{"href":"https:\/\/www.norcaltc.org\/es\/wp-json\/wp\/v2\/types\/page"}],"author":[{"embeddable":true,"href":"https:\/\/www.norcaltc.org\/es\/wp-json\/wp\/v2\/users\/1"}],"replies":[{"embeddable":true,"href":"https:\/\/www.norcaltc.org\/es\/wp-json\/wp\/v2\/comments?post=3023"}],"version-history":[{"count":6,"href":"https:\/\/www.norcaltc.org\/es\/wp-json\/wp\/v2\/pages\/3023\/revisions"}],"predecessor-version":[{"id":3371,"href":"https:\/\/www.norcaltc.org\/es\/wp-json\/wp\/v2\/pages\/3023\/revisions\/3371"}],"wp:attachment":[{"href":"https:\/\/www.norcaltc.org\/es\/wp-json\/wp\/v2\/media?parent=3023"}],"curies":[{"name":"wp","href":"https:\/\/api.w.org\/{rel}","templated":true}]}}