{"id":84,"date":"2014-10-23T09:22:51","date_gmt":"2014-10-23T09:22:51","guid":{"rendered":"http:\/\/demo.proteusthemes.com\/buildpress\/?page_id=84"},"modified":"2015-07-09T04:58:21","modified_gmt":"2015-07-09T04:58:21","slug":"hardwood-flooring","status":"publish","type":"page","link":"https:\/\/www.norcaltc.org\/es\/our-services\/hardwood-flooring\/","title":{"rendered":"Beneficios del Capacitaci\u00f3n"},"content":{"rendered":"<p>&nbsp;<\/p>\n<p><a href=\"http:\/\/demo.proteusthemes.com\/buildpress\/wp-content\/uploads\/sites\/16\/2014\/10\/content_04.jpg\"><img decoding=\"async\" class=\"alignleft wp-image-53\" src=\"http:\/\/demo.proteusthemes.com\/buildpress\/wp-content\/uploads\/sites\/16\/2014\/10\/content_04-1024x574.jpg\" alt=\"Content Image\" width=\"410\" height=\"230\" \/><\/a><\/p>\n<ul>\n<li>\n<h4>Durante la Asistencia a los Cursos en el Centro de Capacitaci\u00f3n:<\/h4>\n<ul>\n<li>No hay ning\u00fan costo para el cursillista por la capacitaci\u00f3n recibida en el Centro de Capacitaci\u00f3n.<\/li>\n<li>A los cursillistas que elijan vivir en el campus se proporcionar\u00e1 alojamiento con servicio de limpieza y comidas. Los cursillistas que viajen todos los d\u00edas recibir\u00e1n desayuno y almuerzo.\u00a0<strong>(A partir de Mayo 1 del 2010, la provisi\u00f3n de vivienda y servicios de comida en el Centro de Capacitaci\u00f3n ser\u00e1 temporalmente suspendido hasta nuevo aviso.)<\/strong><\/li>\n<li>Los convenios con el Departamento de Desarrollo de Empleo de California le permiten obtener beneficios de desempleo durante la capacitaci\u00f3n.<\/li>\n<\/ul>\n<\/li>\n<\/ul>\n<p><\/p>","protected":false},"excerpt":{"rendered":"<p>There is no cost to the trainee for training at the Training Center.<\/p>\n","protected":false},"author":1,"featured_media":55,"parent":49,"menu_order":0,"comment_status":"closed","ping_status":"closed","template":"","meta":{"footnotes":""},"class_list":["post-84","page","type-page","status-publish","has-post-thumbnail","hentry"],"_links":{"self":[{"href":"https:\/\/www.norcaltc.org\/es\/wp-json\/wp\/v2\/pages\/84","targetHints":{"allow":["GET"]}}],"collection":[{"href":"https:\/\/www.norcaltc.org\/es\/wp-json\/wp\/v2\/pages"}],"about":[{"href":"https:\/\/www.norcaltc.org\/es\/wp-json\/wp\/v2\/types\/page"}],"author":[{"embeddable":true,"href":"https:\/\/www.norcaltc.org\/es\/wp-json\/wp\/v2\/users\/1"}],"replies":[{"embeddable":true,"href":"https:\/\/www.norcaltc.org\/es\/wp-json\/wp\/v2\/comments?post=84"}],"version-history":[{"count":12,"href":"https:\/\/www.norcaltc.org\/es\/wp-json\/wp\/v2\/pages\/84\/revisions"}],"predecessor-version":[{"id":2567,"href":"https:\/\/www.norcaltc.org\/es\/wp-json\/wp\/v2\/pages\/84\/revisions\/2567"}],"up":[{"embeddable":true,"href":"https:\/\/www.norcaltc.org\/es\/wp-json\/wp\/v2\/pages\/49"}],"wp:featuredmedia":[{"embeddable":true,"href":"https:\/\/www.norcaltc.org\/es\/wp-json\/wp\/v2\/media\/55"}],"wp:attachment":[{"href":"https:\/\/www.norcaltc.org\/es\/wp-json\/wp\/v2\/media?parent=84"}],"curies":[{"name":"wp","href":"https:\/\/api.w.org\/{rel}","templated":true}]}}